{"id":406,"date":"2025-01-29T13:31:13","date_gmt":"2025-01-29T13:31:13","guid":{"rendered":"https:\/\/leveilenprovence.com\/?page_id=406"},"modified":"2025-12-09T13:36:22","modified_gmt":"2025-12-09T13:36:22","slug":"ontdek-onze-kamers","status":"publish","type":"page","link":"https:\/\/leveilenprovence.com\/de\/ontdek-onze-kamers\/","title":{"rendered":"Entdecken Sie unsere Zimmer"},"content":{"rendered":"<p>&nbsp;<\/p>\n\n\n\n<p>Wir verf\u00fcgen \u00fcber 3 Doppelzimmer in der Bed &amp; Breakfast-Formel und 1 Apartment f\u00fcr maximal 6 Personen, das als Ferienwohnung (ohne Fr\u00fchst\u00fcck) vermietet wird.<\/p>\n\n\n\n<p>Alle unsere Zimmer verf\u00fcgen \u00fcber einen separaten Eingang und eine eigene Terrasse und sind mit dem gleichen Komfort ausgestattet. Dazu geh\u00f6ren Klimaanlage, Internet-TV, WLAN, Wasserkocher, Badezimmer mit Dusche oder Badewanne, Haartrockner. Unser blaues Zimmer verf\u00fcgt \u00fcber ein Queensize-Bett (160 cm) und das Badezimmer hat eine Whirlpool-Badewanne, kann aber auch als Dusche dienen. Die Terrakotta- und Olivenzimmer verf\u00fcgen \u00fcber ein Kingsize-Bett (180 cm), das jedoch auch in zwei Einzelbetten (2 x 90 cm) umgewandelt werden kann. Die Terrakotta- und Olivenzimmer k\u00f6nnen auch zu einem Familienzimmer miteinander verbunden werden.<\/p>\n\n\n\n<p>Auf unserer Gemeinschaftsterrasse k\u00f6nnen Sie eine sch\u00f6ne Tasse Kaffee genie\u00dfen, unsere Delonghi-Kaffeemaschine steht Ihnen den ganzen Tag kostenlos zur Verf\u00fcgung. Es gibt auch einen K\u00fchlschrank und wir bieten die M\u00f6glichkeit, Ihr Mittagessen vor Ort selbst zuzubereiten.<\/p>\n\n\n\n<div class=\"wp-block-cover is-light has-custom-content-position is-position-center-left\"><span aria-hidden=\"true\" class=\"wp-block-cover__background has-cyan-bluish-gray-background-color has-background-dim-100 has-background-dim\"><\/span><div class=\"wp-block-cover__inner-container is-layout-flow wp-block-cover-is-layout-flow\">\n<div class=\"wp-block-columns is-layout-flex wp-container-core-columns-is-layout-9d6595d7 wp-block-columns-is-layout-flex\">\n<div class=\"wp-block-column is-layout-flow wp-block-column-is-layout-flow\" style=\"flex-basis:100%\">\n<p id=\"block-30cdea18-bd21-4da4-bc96-824c3ccc73c7\"><strong><br>Tarife 2026<\/strong><\/p>\n\n\n\n<p>Zimmer Bleu und Zimmer Terracotta, an der Vorderseite gelegen mit Blick auf den Swimmingpool: <\/p>\n\n\n\n<ul class=\"wp-block-list\">\n<li>  97 Euro\/Nacht in den Monaten M\u00e4rz, April, Oktober, November<\/li>\n\n\n\n<li>107 Euro\/Nacht in den Monaten Mai, Juni, Juli, August, September<\/li>\n<\/ul>\n\n\n\n<p>Zimmer Olive, nach hinten gelegen mit Blick in den Garten: <\/p>\n\n\n\n<ul class=\"wp-block-list\">\n<li>87 Euro\/Nacht in den Monaten M\u00e4rz, April, Oktober, November<\/li>\n\n\n\n<li>97 Euro\/Nacht in den Monaten Mai, Juni, Juli, August, September<\/li>\n<\/ul>\n\n\n\n<p>Fr\u00fchst\u00fcck und City Tax von 0,98 Euro\/p.P.\/Nacht inklusive<\/p>\n\n\n\n<p>Hunde auf Anfrage<\/p>\n\n\n\n<p>Buchung von mindestens 2 N\u00e4chten <\/p>\n\n\n\n<p><\/p>\n\n\n\n<p><\/p>\n<\/div>\n<\/div>\n<\/div><\/div>\n\n\n\n<div class=\"wp-block-jetpack-slideshow aligncenter\" data-effect=\"slide\"><div class=\"wp-block-jetpack-slideshow_container swiper\"><ul class=\"wp-block-jetpack-slideshow_swiper-wrapper swiper-wrapper\"><li class=\"wp-block-jetpack-slideshow_slide swiper-slide\"><figure><img fetchpriority=\"high\" decoding=\"async\" width=\"640\" height=\"480\" alt=\"\" class=\"wp-block-jetpack-slideshow_image wp-image-345\" data-id=\"345\" src=\"https:\/\/leveilenprovence.com\/wp-content\/uploads\/2025\/01\/059e1c60-6347-4679-9de9-3642aa1aca8d.jpg\" srcset=\"https:\/\/leveilenprovence.com\/wp-content\/uploads\/2025\/01\/059e1c60-6347-4679-9de9-3642aa1aca8d.jpg 640w, https:\/\/leveilenprovence.com\/wp-content\/uploads\/2025\/01\/059e1c60-6347-4679-9de9-3642aa1aca8d-300x225.jpg 300w\" sizes=\"(max-width: 640px) 100vw, 640px\" \/><figcaption class=\"wp-block-jetpack-slideshow_caption gallery-caption\">Blaues Zimmer mit Doppelbett (160cm)<\/figcaption><\/figure><\/li><li class=\"wp-block-jetpack-slideshow_slide swiper-slide\"><figure><img decoding=\"async\" width=\"640\" height=\"480\" alt=\"\" class=\"wp-block-jetpack-slideshow_image wp-image-346\" data-id=\"346\" src=\"https:\/\/leveilenprovence.com\/wp-content\/uploads\/2025\/01\/3100864a-b4eb-45a5-9140-b2a685475ee5.jpg\" srcset=\"https:\/\/leveilenprovence.com\/wp-content\/uploads\/2025\/01\/3100864a-b4eb-45a5-9140-b2a685475ee5.jpg 640w, https:\/\/leveilenprovence.com\/wp-content\/uploads\/2025\/01\/3100864a-b4eb-45a5-9140-b2a685475ee5-300x225.jpg 300w\" sizes=\"(max-width: 640px) 100vw, 640px\" \/><\/figure><\/li><li class=\"wp-block-jetpack-slideshow_slide swiper-slide\"><figure><img decoding=\"async\" width=\"768\" height=\"1024\" alt=\"\" class=\"wp-block-jetpack-slideshow_image wp-image-339\" data-id=\"339\" src=\"https:\/\/leveilenprovence.com\/wp-content\/uploads\/2025\/01\/IMG-2879-1-768x1024.jpg\" srcset=\"https:\/\/leveilenprovence.com\/wp-content\/uploads\/2025\/01\/IMG-2879-1-768x1024.jpg 768w, https:\/\/leveilenprovence.com\/wp-content\/uploads\/2025\/01\/IMG-2879-1-225x300.jpg 225w, https:\/\/leveilenprovence.com\/wp-content\/uploads\/2025\/01\/IMG-2879-1-1152x1536.jpg 1152w, https:\/\/leveilenprovence.com\/wp-content\/uploads\/2025\/01\/IMG-2879-1-1536x2048.jpg 1536w, https:\/\/leveilenprovence.com\/wp-content\/uploads\/2025\/01\/IMG-2879-1-scaled.jpg 1920w\" sizes=\"(max-width: 768px) 100vw, 768px\" \/><\/figure><\/li><li class=\"wp-block-jetpack-slideshow_slide swiper-slide\"><figure><img loading=\"lazy\" decoding=\"async\" width=\"1024\" height=\"768\" alt=\"\" class=\"wp-block-jetpack-slideshow_image wp-image-337\" data-id=\"337\" src=\"https:\/\/leveilenprovence.com\/wp-content\/uploads\/2025\/01\/IMG-2883-2-1024x768.jpg\" srcset=\"https:\/\/leveilenprovence.com\/wp-content\/uploads\/2025\/01\/IMG-2883-2-1024x768.jpg 1024w, https:\/\/leveilenprovence.com\/wp-content\/uploads\/2025\/01\/IMG-2883-2-300x225.jpg 300w, https:\/\/leveilenprovence.com\/wp-content\/uploads\/2025\/01\/IMG-2883-2-768x576.jpg 768w, https:\/\/leveilenprovence.com\/wp-content\/uploads\/2025\/01\/IMG-2883-2-1536x1152.jpg 1536w, https:\/\/leveilenprovence.com\/wp-content\/uploads\/2025\/01\/IMG-2883-2-2048x1536.jpg 2048w\" sizes=\"(max-width: 1024px) 100vw, 1024px\" \/><\/figure><\/li><li class=\"wp-block-jetpack-slideshow_slide swiper-slide\"><figure><img loading=\"lazy\" decoding=\"async\" width=\"1024\" height=\"768\" alt=\"\" class=\"wp-block-jetpack-slideshow_image wp-image-410\" data-id=\"410\" src=\"https:\/\/leveilenprovence.com\/wp-content\/uploads\/2025\/01\/IMG-3852-1024x768.jpg\" srcset=\"https:\/\/leveilenprovence.com\/wp-content\/uploads\/2025\/01\/IMG-3852-1024x768.jpg 1024w, https:\/\/leveilenprovence.com\/wp-content\/uploads\/2025\/01\/IMG-3852-300x225.jpg 300w, https:\/\/leveilenprovence.com\/wp-content\/uploads\/2025\/01\/IMG-3852-768x576.jpg 768w, https:\/\/leveilenprovence.com\/wp-content\/uploads\/2025\/01\/IMG-3852-1536x1152.jpg 1536w, https:\/\/leveilenprovence.com\/wp-content\/uploads\/2025\/01\/IMG-3852-2048x1536.jpg 2048w\" sizes=\"(max-width: 1024px) 100vw, 1024px\" \/><figcaption class=\"wp-block-jetpack-slideshow_caption gallery-caption\">Zimmer Terrakotta<\/figcaption><\/figure><\/li><li class=\"wp-block-jetpack-slideshow_slide swiper-slide\"><figure><img loading=\"lazy\" decoding=\"async\" width=\"1024\" height=\"768\" alt=\"\" class=\"wp-block-jetpack-slideshow_image wp-image-412\" data-id=\"412\" src=\"https:\/\/leveilenprovence.com\/wp-content\/uploads\/2025\/01\/IMG-3849-1024x768.jpg\" srcset=\"https:\/\/leveilenprovence.com\/wp-content\/uploads\/2025\/01\/IMG-3849-1024x768.jpg 1024w, https:\/\/leveilenprovence.com\/wp-content\/uploads\/2025\/01\/IMG-3849-300x225.jpg 300w, https:\/\/leveilenprovence.com\/wp-content\/uploads\/2025\/01\/IMG-3849-768x576.jpg 768w, https:\/\/leveilenprovence.com\/wp-content\/uploads\/2025\/01\/IMG-3849-1536x1152.jpg 1536w, https:\/\/leveilenprovence.com\/wp-content\/uploads\/2025\/01\/IMG-3849-2048x1536.jpg 2048w\" sizes=\"(max-width: 1024px) 100vw, 1024px\" \/><figcaption class=\"wp-block-jetpack-slideshow_caption gallery-caption\">Zimmer Olive<\/figcaption><\/figure><\/li><li class=\"wp-block-jetpack-slideshow_slide swiper-slide\"><figure><img loading=\"lazy\" decoding=\"async\" width=\"1024\" height=\"768\" alt=\"\" class=\"wp-block-jetpack-slideshow_image wp-image-411\" data-id=\"411\" src=\"https:\/\/leveilenprovence.com\/wp-content\/uploads\/2025\/01\/IMG-3850-1024x768.jpg\" srcset=\"https:\/\/leveilenprovence.com\/wp-content\/uploads\/2025\/01\/IMG-3850-1024x768.jpg 1024w, https:\/\/leveilenprovence.com\/wp-content\/uploads\/2025\/01\/IMG-3850-300x225.jpg 300w, https:\/\/leveilenprovence.com\/wp-content\/uploads\/2025\/01\/IMG-3850-768x576.jpg 768w, https:\/\/leveilenprovence.com\/wp-content\/uploads\/2025\/01\/IMG-3850-1536x1152.jpg 1536w, https:\/\/leveilenprovence.com\/wp-content\/uploads\/2025\/01\/IMG-3850-2048x1536.jpg 2048w\" sizes=\"(max-width: 1024px) 100vw, 1024px\" \/><\/figure><\/li><li class=\"wp-block-jetpack-slideshow_slide swiper-slide\"><figure><img loading=\"lazy\" decoding=\"async\" width=\"1024\" height=\"768\" alt=\"\" class=\"wp-block-jetpack-slideshow_image wp-image-409\" data-id=\"409\" src=\"https:\/\/leveilenprovence.com\/wp-content\/uploads\/2025\/01\/IMG-3853-1024x768.jpg\" srcset=\"https:\/\/leveilenprovence.com\/wp-content\/uploads\/2025\/01\/IMG-3853-1024x768.jpg 1024w, https:\/\/leveilenprovence.com\/wp-content\/uploads\/2025\/01\/IMG-3853-300x225.jpg 300w, https:\/\/leveilenprovence.com\/wp-content\/uploads\/2025\/01\/IMG-3853-768x576.jpg 768w, https:\/\/leveilenprovence.com\/wp-content\/uploads\/2025\/01\/IMG-3853-1536x1152.jpg 1536w, https:\/\/leveilenprovence.com\/wp-content\/uploads\/2025\/01\/IMG-3853-2048x1536.jpg 2048w\" sizes=\"(max-width: 1024px) 100vw, 1024px\" \/><\/figure><\/li><li class=\"wp-block-jetpack-slideshow_slide swiper-slide\"><figure><img loading=\"lazy\" decoding=\"async\" width=\"768\" height=\"1024\" alt=\"\" class=\"wp-block-jetpack-slideshow_image wp-image-407\" data-id=\"407\" src=\"https:\/\/leveilenprovence.com\/wp-content\/uploads\/2025\/01\/badkamer-nieuwe-kamers-2-768x1024.jpg\" srcset=\"https:\/\/leveilenprovence.com\/wp-content\/uploads\/2025\/01\/badkamer-nieuwe-kamers-2-768x1024.jpg 768w, https:\/\/leveilenprovence.com\/wp-content\/uploads\/2025\/01\/badkamer-nieuwe-kamers-2-225x300.jpg 225w, https:\/\/leveilenprovence.com\/wp-content\/uploads\/2025\/01\/badkamer-nieuwe-kamers-2-1152x1536.jpg 1152w, https:\/\/leveilenprovence.com\/wp-content\/uploads\/2025\/01\/badkamer-nieuwe-kamers-2-1536x2048.jpg 1536w, https:\/\/leveilenprovence.com\/wp-content\/uploads\/2025\/01\/badkamer-nieuwe-kamers-2-scaled.jpg 1920w\" sizes=\"(max-width: 768px) 100vw, 768px\" \/><\/figure><\/li><li class=\"wp-block-jetpack-slideshow_slide swiper-slide\"><figure><img loading=\"lazy\" decoding=\"async\" width=\"768\" height=\"1024\" alt=\"\" class=\"wp-block-jetpack-slideshow_image wp-image-984\" data-id=\"984\" src=\"https:\/\/leveilenprovence.com\/wp-content\/uploads\/2025\/04\/IMG_6881-768x1024.jpg\" srcset=\"https:\/\/leveilenprovence.com\/wp-content\/uploads\/2025\/04\/IMG_6881-768x1024.jpg 768w, https:\/\/leveilenprovence.com\/wp-content\/uploads\/2025\/04\/IMG_6881-225x300.jpg 225w, https:\/\/leveilenprovence.com\/wp-content\/uploads\/2025\/04\/IMG_6881-1152x1536.jpg 1152w, https:\/\/leveilenprovence.com\/wp-content\/uploads\/2025\/04\/IMG_6881-1536x2048.jpg 1536w, https:\/\/leveilenprovence.com\/wp-content\/uploads\/2025\/04\/IMG_6881-9x12.jpg 9w, https:\/\/leveilenprovence.com\/wp-content\/uploads\/2025\/04\/IMG_6881-scaled.jpg 1920w\" sizes=\"(max-width: 768px) 100vw, 768px\" \/><\/figure><\/li><li class=\"wp-block-jetpack-slideshow_slide swiper-slide\"><figure><img loading=\"lazy\" decoding=\"async\" width=\"768\" height=\"1024\" alt=\"\" class=\"wp-block-jetpack-slideshow_image wp-image-985\" data-id=\"985\" src=\"https:\/\/leveilenprovence.com\/wp-content\/uploads\/2025\/04\/IMG_6877-768x1024.jpg\" srcset=\"https:\/\/leveilenprovence.com\/wp-content\/uploads\/2025\/04\/IMG_6877-768x1024.jpg 768w, https:\/\/leveilenprovence.com\/wp-content\/uploads\/2025\/04\/IMG_6877-225x300.jpg 225w, https:\/\/leveilenprovence.com\/wp-content\/uploads\/2025\/04\/IMG_6877-1152x1536.jpg 1152w, https:\/\/leveilenprovence.com\/wp-content\/uploads\/2025\/04\/IMG_6877-1536x2048.jpg 1536w, https:\/\/leveilenprovence.com\/wp-content\/uploads\/2025\/04\/IMG_6877-9x12.jpg 9w, https:\/\/leveilenprovence.com\/wp-content\/uploads\/2025\/04\/IMG_6877-scaled.jpg 1920w\" sizes=\"(max-width: 768px) 100vw, 768px\" \/><\/figure><\/li><li class=\"wp-block-jetpack-slideshow_slide swiper-slide\"><figure><img loading=\"lazy\" decoding=\"async\" width=\"1024\" height=\"768\" alt=\"\" class=\"wp-block-jetpack-slideshow_image wp-image-986\" data-id=\"986\" src=\"https:\/\/leveilenprovence.com\/wp-content\/uploads\/2025\/04\/IMG_6879-1024x768.jpg\" srcset=\"https:\/\/leveilenprovence.com\/wp-content\/uploads\/2025\/04\/IMG_6879-1024x768.jpg 1024w, https:\/\/leveilenprovence.com\/wp-content\/uploads\/2025\/04\/IMG_6879-300x225.jpg 300w, https:\/\/leveilenprovence.com\/wp-content\/uploads\/2025\/04\/IMG_6879-768x576.jpg 768w, https:\/\/leveilenprovence.com\/wp-content\/uploads\/2025\/04\/IMG_6879-1536x1152.jpg 1536w, https:\/\/leveilenprovence.com\/wp-content\/uploads\/2025\/04\/IMG_6879-2048x1536.jpg 2048w, https:\/\/leveilenprovence.com\/wp-content\/uploads\/2025\/04\/IMG_6879-16x12.jpg 16w\" sizes=\"(max-width: 1024px) 100vw, 1024px\" \/><\/figure><\/li><\/ul><a class=\"wp-block-jetpack-slideshow_button-prev swiper-button-prev swiper-button-white\" role=\"button\"><\/a><a class=\"wp-block-jetpack-slideshow_button-next swiper-button-next swiper-button-white\" role=\"button\"><\/a><a aria-label=\"Diashow anhalten\" class=\"wp-block-jetpack-slideshow_button-pause\" role=\"button\"><\/a><div class=\"wp-block-jetpack-slideshow_pagination swiper-pagination swiper-pagination-white\"><\/div><\/div><\/div>","protected":false},"excerpt":{"rendered":"<p>&nbsp; Wij beschikken over 3 tweepersoonskamers in de formule Bed and Breakfast en 1 appartement voor maximum 6 personen welk wordt verhuurd als vakantiewoning (zonder ontbijt). Al onze kamers hebben een aparte ingang en priv\u00e9terras en zijn voorzien van hetzelfde comfort. Dit omvat airco, internet TV, WIFI, waterkoker, badkamer met douche of bad, haardroger. Onze [&hellip;]<\/p>\n","protected":false},"author":3,"featured_media":0,"parent":0,"menu_order":2,"comment_status":"closed","ping_status":"closed","template":"","meta":{"_eb_attr":"","footnotes":""},"class_list":["post-406","page","type-page","status-publish","hentry"],"yoast_head":"<!-- This site is optimized with the Yoast SEO plugin v27.4 - https:\/\/yoast.com\/product\/yoast-seo-wordpress\/ -->\n<title>Ontdek onze kamers - L&#039;Eveil en Provence<\/title>\n<meta name=\"description\" content=\"Wij beschikken over 3 tweepersoonskamers in de formule Bed and Breakfast en 1 appartement voor maximum 6 personen welk wordt verhuurd als vakantiewoning (zonder ontbijt). Al onze kamers hebben een aparte ingang en priv\u00e9terras en zijn voorzien van hetzelfde comfort.\" \/>\n<meta name=\"robots\" content=\"index, follow, max-snippet:-1, max-image-preview:large, max-video-preview:-1\" \/>\n<link rel=\"canonical\" href=\"https:\/\/leveilenprovence.com\/de\/ontdek-onze-kamers\/\" \/>\n<meta property=\"og:locale\" content=\"de_DE\" \/>\n<meta property=\"og:type\" content=\"article\" \/>\n<meta property=\"og:title\" content=\"Ontdek onze kamers - L&#039;Eveil en Provence\" \/>\n<meta property=\"og:description\" content=\"Wij beschikken over 3 tweepersoonskamers in de formule Bed and Breakfast en 1 appartement voor maximum 6 personen welk wordt verhuurd als vakantiewoning (zonder ontbijt). Al onze kamers hebben een aparte ingang en priv\u00e9terras en zijn voorzien van hetzelfde comfort.\" \/>\n<meta property=\"og:url\" content=\"https:\/\/leveilenprovence.com\/de\/ontdek-onze-kamers\/\" \/>\n<meta property=\"og:site_name\" content=\"L&#039;Eveil en Provence\" \/>\n<meta property=\"article:publisher\" content=\"https:\/\/www.facebook.com\/people\/LEveil-en-Provence\/100088765029872\/\" \/>\n<meta property=\"article:modified_time\" content=\"2025-12-09T13:36:22+00:00\" \/>\n<meta property=\"og:image\" content=\"https:\/\/leveilenprovence.com\/wp-content\/uploads\/2025\/01\/059e1c60-6347-4679-9de9-3642aa1aca8d.jpg\" \/>\n\t<meta property=\"og:image:width\" content=\"640\" \/>\n\t<meta property=\"og:image:height\" content=\"480\" \/>\n\t<meta property=\"og:image:type\" content=\"image\/jpeg\" \/>\n<meta name=\"twitter:card\" content=\"summary_large_image\" \/>\n<meta name=\"twitter:label1\" content=\"Gesch\u00e4tzte Lesezeit\" \/>\n\t<meta name=\"twitter:data1\" content=\"4\u00a0Minuten\" \/>\n<script type=\"application\/ld+json\" class=\"yoast-schema-graph\">{\"@context\":\"https:\\\/\\\/schema.org\",\"@graph\":[{\"@type\":\"WebPage\",\"@id\":\"https:\\\/\\\/leveilenprovence.com\\\/ontdek-onze-kamers\\\/\",\"url\":\"https:\\\/\\\/leveilenprovence.com\\\/ontdek-onze-kamers\\\/\",\"name\":\"Ontdek onze kamers - L&#039;Eveil en Provence\",\"isPartOf\":{\"@id\":\"https:\\\/\\\/leveilenprovence.com\\\/#website\"},\"primaryImageOfPage\":{\"@id\":\"https:\\\/\\\/leveilenprovence.com\\\/ontdek-onze-kamers\\\/#primaryimage\"},\"image\":{\"@id\":\"https:\\\/\\\/leveilenprovence.com\\\/ontdek-onze-kamers\\\/#primaryimage\"},\"thumbnailUrl\":\"https:\\\/\\\/leveilenprovence.com\\\/wp-content\\\/uploads\\\/2025\\\/01\\\/059e1c60-6347-4679-9de9-3642aa1aca8d.jpg\",\"datePublished\":\"2025-01-29T13:31:13+00:00\",\"dateModified\":\"2025-12-09T13:36:22+00:00\",\"description\":\"Wij beschikken over 3 tweepersoonskamers in de formule Bed and Breakfast en 1 appartement voor maximum 6 personen welk wordt verhuurd als vakantiewoning (zonder ontbijt). Al onze kamers hebben een aparte ingang en priv\u00e9terras en zijn voorzien van hetzelfde comfort.\",\"inLanguage\":\"de\",\"potentialAction\":[{\"@type\":\"ReadAction\",\"target\":[\"https:\\\/\\\/leveilenprovence.com\\\/ontdek-onze-kamers\\\/\"]}]},{\"@type\":\"ImageObject\",\"inLanguage\":\"de\",\"@id\":\"https:\\\/\\\/leveilenprovence.com\\\/ontdek-onze-kamers\\\/#primaryimage\",\"url\":\"https:\\\/\\\/leveilenprovence.com\\\/wp-content\\\/uploads\\\/2025\\\/01\\\/059e1c60-6347-4679-9de9-3642aa1aca8d.jpg\",\"contentUrl\":\"https:\\\/\\\/leveilenprovence.com\\\/wp-content\\\/uploads\\\/2025\\\/01\\\/059e1c60-6347-4679-9de9-3642aa1aca8d.jpg\"},{\"@type\":\"WebSite\",\"@id\":\"https:\\\/\\\/leveilenprovence.com\\\/#website\",\"url\":\"https:\\\/\\\/leveilenprovence.com\\\/\",\"name\":\"https:\\\/\\\/leveilenprovence.com\",\"description\":\"\",\"publisher\":{\"@id\":\"https:\\\/\\\/leveilenprovence.com\\\/#organization\"},\"potentialAction\":[{\"@type\":\"SearchAction\",\"target\":{\"@type\":\"EntryPoint\",\"urlTemplate\":\"https:\\\/\\\/leveilenprovence.com\\\/?s={search_term_string}\"},\"query-input\":{\"@type\":\"PropertyValueSpecification\",\"valueRequired\":true,\"valueName\":\"search_term_string\"}}],\"inLanguage\":\"de\"},{\"@type\":\"Organization\",\"@id\":\"https:\\\/\\\/leveilenprovence.com\\\/#organization\",\"name\":\"l'Eveil-en-Provence\",\"url\":\"https:\\\/\\\/leveilenprovence.com\\\/\",\"logo\":{\"@type\":\"ImageObject\",\"inLanguage\":\"de\",\"@id\":\"https:\\\/\\\/leveilenprovence.com\\\/#\\\/schema\\\/logo\\\/image\\\/\",\"url\":\"https:\\\/\\\/leveilenprovence.com\\\/wp-content\\\/uploads\\\/2024\\\/01\\\/cropped-348354611_1390807788156117_6322167039512516205_n_edited-1.jpg\",\"contentUrl\":\"https:\\\/\\\/leveilenprovence.com\\\/wp-content\\\/uploads\\\/2024\\\/01\\\/cropped-348354611_1390807788156117_6322167039512516205_n_edited-1.jpg\",\"width\":240,\"height\":207,\"caption\":\"l'Eveil-en-Provence\"},\"image\":{\"@id\":\"https:\\\/\\\/leveilenprovence.com\\\/#\\\/schema\\\/logo\\\/image\\\/\"},\"sameAs\":[\"https:\\\/\\\/www.facebook.com\\\/people\\\/LEveil-en-Provence\\\/100088765029872\\\/\"]}]}<\/script>\n<!-- \/ Yoast SEO plugin. -->","yoast_head_json":{"title":"Ontdek onze kamers - L&#039;Eveil en Provence","description":"Wij beschikken over 3 tweepersoonskamers in de formule Bed and Breakfast en 1 appartement voor maximum 6 personen welk wordt verhuurd als vakantiewoning (zonder ontbijt). Al onze kamers hebben een aparte ingang en priv\u00e9terras en zijn voorzien van hetzelfde comfort.","robots":{"index":"index","follow":"follow","max-snippet":"max-snippet:-1","max-image-preview":"max-image-preview:large","max-video-preview":"max-video-preview:-1"},"canonical":"https:\/\/leveilenprovence.com\/de\/ontdek-onze-kamers\/","og_locale":"de_DE","og_type":"article","og_title":"Ontdek onze kamers - L&#039;Eveil en Provence","og_description":"Wij beschikken over 3 tweepersoonskamers in de formule Bed and Breakfast en 1 appartement voor maximum 6 personen welk wordt verhuurd als vakantiewoning (zonder ontbijt). Al onze kamers hebben een aparte ingang en priv\u00e9terras en zijn voorzien van hetzelfde comfort.","og_url":"https:\/\/leveilenprovence.com\/de\/ontdek-onze-kamers\/","og_site_name":"L&#039;Eveil en Provence","article_publisher":"https:\/\/www.facebook.com\/people\/LEveil-en-Provence\/100088765029872\/","article_modified_time":"2025-12-09T13:36:22+00:00","og_image":[{"width":640,"height":480,"url":"https:\/\/leveilenprovence.com\/wp-content\/uploads\/2025\/01\/059e1c60-6347-4679-9de9-3642aa1aca8d.jpg","type":"image\/jpeg"}],"twitter_card":"summary_large_image","twitter_misc":{"Gesch\u00e4tzte Lesezeit":"4\u00a0Minuten"},"schema":{"@context":"https:\/\/schema.org","@graph":[{"@type":"WebPage","@id":"https:\/\/leveilenprovence.com\/ontdek-onze-kamers\/","url":"https:\/\/leveilenprovence.com\/ontdek-onze-kamers\/","name":"Ontdek onze kamers - L&#039;Eveil en Provence","isPartOf":{"@id":"https:\/\/leveilenprovence.com\/#website"},"primaryImageOfPage":{"@id":"https:\/\/leveilenprovence.com\/ontdek-onze-kamers\/#primaryimage"},"image":{"@id":"https:\/\/leveilenprovence.com\/ontdek-onze-kamers\/#primaryimage"},"thumbnailUrl":"https:\/\/leveilenprovence.com\/wp-content\/uploads\/2025\/01\/059e1c60-6347-4679-9de9-3642aa1aca8d.jpg","datePublished":"2025-01-29T13:31:13+00:00","dateModified":"2025-12-09T13:36:22+00:00","description":"Wij beschikken over 3 tweepersoonskamers in de formule Bed and Breakfast en 1 appartement voor maximum 6 personen welk wordt verhuurd als vakantiewoning (zonder ontbijt). Al onze kamers hebben een aparte ingang en priv\u00e9terras en zijn voorzien van hetzelfde comfort.","inLanguage":"de","potentialAction":[{"@type":"ReadAction","target":["https:\/\/leveilenprovence.com\/ontdek-onze-kamers\/"]}]},{"@type":"ImageObject","inLanguage":"de","@id":"https:\/\/leveilenprovence.com\/ontdek-onze-kamers\/#primaryimage","url":"https:\/\/leveilenprovence.com\/wp-content\/uploads\/2025\/01\/059e1c60-6347-4679-9de9-3642aa1aca8d.jpg","contentUrl":"https:\/\/leveilenprovence.com\/wp-content\/uploads\/2025\/01\/059e1c60-6347-4679-9de9-3642aa1aca8d.jpg"},{"@type":"WebSite","@id":"https:\/\/leveilenprovence.com\/#website","url":"https:\/\/leveilenprovence.com\/","name":"https:\/\/leveilenprovence.com","description":"","publisher":{"@id":"https:\/\/leveilenprovence.com\/#organization"},"potentialAction":[{"@type":"SearchAction","target":{"@type":"EntryPoint","urlTemplate":"https:\/\/leveilenprovence.com\/?s={search_term_string}"},"query-input":{"@type":"PropertyValueSpecification","valueRequired":true,"valueName":"search_term_string"}}],"inLanguage":"de"},{"@type":"Organization","@id":"https:\/\/leveilenprovence.com\/#organization","name":"l'Eveil-en-Provence","url":"https:\/\/leveilenprovence.com\/","logo":{"@type":"ImageObject","inLanguage":"de","@id":"https:\/\/leveilenprovence.com\/#\/schema\/logo\/image\/","url":"https:\/\/leveilenprovence.com\/wp-content\/uploads\/2024\/01\/cropped-348354611_1390807788156117_6322167039512516205_n_edited-1.jpg","contentUrl":"https:\/\/leveilenprovence.com\/wp-content\/uploads\/2024\/01\/cropped-348354611_1390807788156117_6322167039512516205_n_edited-1.jpg","width":240,"height":207,"caption":"l'Eveil-en-Provence"},"image":{"@id":"https:\/\/leveilenprovence.com\/#\/schema\/logo\/image\/"},"sameAs":["https:\/\/www.facebook.com\/people\/LEveil-en-Provence\/100088765029872\/"]}]}},"jetpack_likes_enabled":true,"jetpack_sharing_enabled":true,"_links":{"self":[{"href":"https:\/\/leveilenprovence.com\/de\/wp-json\/wp\/v2\/pages\/406","targetHints":{"allow":["GET"]}}],"collection":[{"href":"https:\/\/leveilenprovence.com\/de\/wp-json\/wp\/v2\/pages"}],"about":[{"href":"https:\/\/leveilenprovence.com\/de\/wp-json\/wp\/v2\/types\/page"}],"author":[{"embeddable":true,"href":"https:\/\/leveilenprovence.com\/de\/wp-json\/wp\/v2\/users\/3"}],"replies":[{"embeddable":true,"href":"https:\/\/leveilenprovence.com\/de\/wp-json\/wp\/v2\/comments?post=406"}],"version-history":[{"count":40,"href":"https:\/\/leveilenprovence.com\/de\/wp-json\/wp\/v2\/pages\/406\/revisions"}],"predecessor-version":[{"id":1044,"href":"https:\/\/leveilenprovence.com\/de\/wp-json\/wp\/v2\/pages\/406\/revisions\/1044"}],"wp:attachment":[{"href":"https:\/\/leveilenprovence.com\/de\/wp-json\/wp\/v2\/media?parent=406"}],"curies":[{"name":"wp","href":"https:\/\/api.w.org\/{rel}","templated":true}]}}