{"id":12,"date":"2023-12-09T13:26:41","date_gmt":"2023-12-09T13:26:41","guid":{"rendered":"https:\/\/leveilenprovence.com\/?page_id=12"},"modified":"2026-02-22T08:52:59","modified_gmt":"2026-02-22T08:52:59","slug":"bnb-leveil-en-provence","status":"publish","type":"page","link":"https:\/\/leveilenprovence.com\/fr\/","title":{"rendered":"BIENVENUE !"},"content":{"rendered":"<h1>\u00a0<\/h1>\n<h5 style=\"padding-left: 40px;\"><strong>\u00a0 \u00a0 \u00a0 \u00a0 \u00a0D\u00e9couvrez le bonheur d&#039;un Bed and Breakfast dans le sud de la France<\/strong><\/h5>\n<p><b>Cach\u00e9 entre des montagnes \u00e0 couper le souffle et des mers azur\u00e9es, le sud de la France est une destination de r\u00eave pour de nombreux voyageurs. L\u2019une des meilleures fa\u00e7ons de d\u00e9couvrir cette r\u00e9gion enchanteresse est de s\u00e9journer dans un charmant g\u00eete touristique.<\/b><\/p>\n<h5>Un accueil chaleureux<\/h5>\n<p>Imaginez vous r\u00e9veiller chaque jour au c\u0153ur de la Provence, entour\u00e9 de vignobles luxuriants et de villages pittoresques. Nous, Tony et Conny, avons pour objectif de vous faire d\u00e9couvrir la beaut\u00e9 naturelle \u00e0 couper le souffle et la tranquillit\u00e9 que cette partie de la Provence a \u00e0 offrir.<\/p>\n<h5>De belles matin\u00e9es<\/h5>\n<p>Commencez bien votre journ\u00e9e avec un copieux petit-d\u00e9jeuner servi sur une terrasse couverte, o\u00f9 l&#039;air parfum\u00e9 stimule vos sens. D\u00e9gustez des sp\u00e9cialit\u00e9s locales tout en admirant les vues pittoresques qui font la renomm\u00e9e du sud de la France.<\/p>\n<h5>Votre aventure en Provence vous attend<\/h5>\n<p>Une chambre d&#039;h\u00f4tes dans le Sud de la France est bien plus qu&#039;un simple lieu de s\u00e9jour ; c&#039;est l&#039;occasion de s&#039;immerger dans la beaut\u00e9, la culture et l&#039;hospitalit\u00e9 de cette r\u00e9gion embl\u00e9matique. Que vous soyez en qu\u00eate de d\u00e9tente, d&#039;aventure ou d&#039;exp\u00e9riences culinaires, vous trouverez tout cela au c\u0153ur de la Provence. R\u00e9servez votre s\u00e9jour d\u00e8s aujourd&#039;hui et cr\u00e9ez des souvenirs inoubliables !<\/p>\n<h5><img decoding=\"async\" src=\"https:\/\/leveilenprovence.com\/wp-content\/uploads\/2025\/01\/f8eb65ed-d5e8-4f08-88a3-e90e0270350d-1-e1738081274851.jpg\" alt=\"\" \/><\/h5>\n<p>\u00a0<\/p>\n\n<p>\u00ab Vivez, voyagez, partez \u00e0 l\u2019aventure, soyez reconnaissant et ne regrettez rien. \u00bb Jack Kerouac<\/p>\n<p>Notre chambre d&#039;h\u00f4tes est situ\u00e9e \u00e0 Entrecasteaux, petit village id\u00e9alement situ\u00e9 entre les gorges du Verdon et la C\u00f4te d&#039;Azur.\u00a0<\/p>\n<p>Nous vous proposons trois chambres d&#039;h\u00f4tes et un g\u00eete (appartement) comme maison de vacances. Le stationnement est possible sur notre domaine ferm\u00e9. Des places de parking couvertes sont disponibles pour les v\u00e9los et les motos.\u00a0 \u00a0 \u00a0<\/p>\n<p>\u00a0La piscine est \u00e9quip\u00e9e d&#039;une pompe \u00e0 chaleur afin que la temp\u00e9rature de l&#039;eau soit agr\u00e9able m\u00eame au printemps et en automne.\u00a0<\/p>\n<p>Vous n&#039;aurez ici que l&#039;embarras du choix en mati\u00e8re de d\u00e9lices culinaires. D\u00e9couvrez les nombreux restaurants d&#039;Entrecasteaux et des villages environnants, servant de d\u00e9licieux plats locaux.\u00a0<\/p>\n<p>Le Sud de la France offre une multitude d&#039;activit\u00e9s, de la d\u00e9gustation de vins dans les vignobles voisins \u00e0 la visite des villes c\u00f4ti\u00e8res anim\u00e9es de Saint-Tropez, Marseille et Nice. Profitez des paysages pittoresques, de la richesse culturelle et du climat chaud qui rendent cette r\u00e9gion si sp\u00e9ciale.<\/p>\n<p><\/p><!-- \/wp:post-content -->","protected":false},"excerpt":{"rendered":"<p>\u00a0 \u00a0 \u00a0 \u00a0 \u00a0 \u00a0Ontdek het zalige van een Bed and Breakfast in Zuid-Frankrijk Verscholen tussen de adembenemende bergen en de azuurblauwe zee is Zuid-Frankrijk voor veel reizigers een droombestemming. E\u00e9n van de beste manieren om deze betoverende regio te ervaren is door te verblijven in een charmante bed and breakfast. Een hartverwarmend welkom [&hellip;]<\/p>\n","protected":false},"author":1,"featured_media":775,"parent":0,"menu_order":1,"comment_status":"closed","ping_status":"closed","template":"","meta":{"_eb_attr":"","footnotes":""},"class_list":["post-12","page","type-page","status-publish","has-post-thumbnail","hentry"],"yoast_head":"<!-- This site is optimized with the Yoast SEO plugin v27.4 - https:\/\/yoast.com\/product\/yoast-seo-wordpress\/ -->\n<title>WELKOM ! - L&#039;Eveil en Provence<\/title>\n<meta name=\"description\" content=\"Verscholen tussen de adembenemende bergen en de azuurblauwe zee is Zuid-Frankrijk voor veel reizigers een droombestemming. E\u00e9n van de beste manieren om deze betoverende regio te ervaren is door te verblijven in een charmante bed and breakfast.\" \/>\n<meta name=\"robots\" content=\"index, follow, max-snippet:-1, max-image-preview:large, max-video-preview:-1\" \/>\n<link rel=\"canonical\" href=\"https:\/\/leveilenprovence.com\/fr\/\" \/>\n<meta property=\"og:locale\" content=\"fr_FR\" \/>\n<meta property=\"og:type\" content=\"article\" \/>\n<meta property=\"og:title\" content=\"WELKOM ! - L&#039;Eveil en Provence\" \/>\n<meta property=\"og:description\" content=\"Verscholen tussen de adembenemende bergen en de azuurblauwe zee is Zuid-Frankrijk voor veel reizigers een droombestemming. E\u00e9n van de beste manieren om deze betoverende regio te ervaren is door te verblijven in een charmante bed and breakfast.\" \/>\n<meta property=\"og:url\" content=\"https:\/\/leveilenprovence.com\/fr\/\" \/>\n<meta property=\"og:site_name\" content=\"L&#039;Eveil en Provence\" \/>\n<meta property=\"article:publisher\" content=\"https:\/\/www.facebook.com\/people\/LEveil-en-Provence\/100088765029872\/\" \/>\n<meta property=\"article:modified_time\" content=\"2026-02-22T08:52:59+00:00\" \/>\n<meta property=\"og:image\" content=\"https:\/\/leveilenprovence.com\/wp-content\/uploads\/2024\/01\/cropped-348354611_1390807788156117_6322167039512516205_n_edited-1.jpg\" \/>\n\t<meta property=\"og:image:width\" content=\"240\" \/>\n\t<meta property=\"og:image:height\" content=\"207\" \/>\n\t<meta property=\"og:image:type\" content=\"image\/jpeg\" \/>\n<meta name=\"twitter:card\" content=\"summary_large_image\" \/>\n<meta name=\"twitter:label1\" content=\"Dur\u00e9e de lecture estim\u00e9e\" \/>\n\t<meta name=\"twitter:data1\" content=\"2 minutes\" \/>\n<script type=\"application\/ld+json\" class=\"yoast-schema-graph\">{\"@context\":\"https:\\\/\\\/schema.org\",\"@graph\":[{\"@type\":\"WebPage\",\"@id\":\"https:\\\/\\\/leveilenprovence.com\\\/\",\"url\":\"https:\\\/\\\/leveilenprovence.com\\\/\",\"name\":\"WELKOM ! - L&#039;Eveil en Provence\",\"isPartOf\":{\"@id\":\"https:\\\/\\\/leveilenprovence.com\\\/#website\"},\"primaryImageOfPage\":{\"@id\":\"https:\\\/\\\/leveilenprovence.com\\\/#primaryimage\"},\"image\":{\"@id\":\"https:\\\/\\\/leveilenprovence.com\\\/#primaryimage\"},\"thumbnailUrl\":\"https:\\\/\\\/leveilenprovence.com\\\/wp-content\\\/uploads\\\/2024\\\/01\\\/cropped-348354611_1390807788156117_6322167039512516205_n_edited-1.jpg\",\"datePublished\":\"2023-12-09T13:26:41+00:00\",\"dateModified\":\"2026-02-22T08:52:59+00:00\",\"description\":\"Verscholen tussen de adembenemende bergen en de azuurblauwe zee is Zuid-Frankrijk voor veel reizigers een droombestemming. E\u00e9n van de beste manieren om deze betoverende regio te ervaren is door te verblijven in een charmante bed and breakfast.\",\"inLanguage\":\"fr-FR\",\"potentialAction\":[{\"@type\":\"ReadAction\",\"target\":[\"https:\\\/\\\/leveilenprovence.com\\\/\"]}]},{\"@type\":\"ImageObject\",\"inLanguage\":\"fr-FR\",\"@id\":\"https:\\\/\\\/leveilenprovence.com\\\/#primaryimage\",\"url\":\"https:\\\/\\\/leveilenprovence.com\\\/wp-content\\\/uploads\\\/2024\\\/01\\\/cropped-348354611_1390807788156117_6322167039512516205_n_edited-1.jpg\",\"contentUrl\":\"https:\\\/\\\/leveilenprovence.com\\\/wp-content\\\/uploads\\\/2024\\\/01\\\/cropped-348354611_1390807788156117_6322167039512516205_n_edited-1.jpg\",\"width\":240,\"height\":207},{\"@type\":\"WebSite\",\"@id\":\"https:\\\/\\\/leveilenprovence.com\\\/#website\",\"url\":\"https:\\\/\\\/leveilenprovence.com\\\/\",\"name\":\"https:\\\/\\\/leveilenprovence.com\",\"description\":\"\",\"publisher\":{\"@id\":\"https:\\\/\\\/leveilenprovence.com\\\/#organization\"},\"potentialAction\":[{\"@type\":\"SearchAction\",\"target\":{\"@type\":\"EntryPoint\",\"urlTemplate\":\"https:\\\/\\\/leveilenprovence.com\\\/?s={search_term_string}\"},\"query-input\":{\"@type\":\"PropertyValueSpecification\",\"valueRequired\":true,\"valueName\":\"search_term_string\"}}],\"inLanguage\":\"fr-FR\"},{\"@type\":\"Organization\",\"@id\":\"https:\\\/\\\/leveilenprovence.com\\\/#organization\",\"name\":\"l'Eveil-en-Provence\",\"url\":\"https:\\\/\\\/leveilenprovence.com\\\/\",\"logo\":{\"@type\":\"ImageObject\",\"inLanguage\":\"fr-FR\",\"@id\":\"https:\\\/\\\/leveilenprovence.com\\\/#\\\/schema\\\/logo\\\/image\\\/\",\"url\":\"https:\\\/\\\/leveilenprovence.com\\\/wp-content\\\/uploads\\\/2024\\\/01\\\/cropped-348354611_1390807788156117_6322167039512516205_n_edited-1.jpg\",\"contentUrl\":\"https:\\\/\\\/leveilenprovence.com\\\/wp-content\\\/uploads\\\/2024\\\/01\\\/cropped-348354611_1390807788156117_6322167039512516205_n_edited-1.jpg\",\"width\":240,\"height\":207,\"caption\":\"l'Eveil-en-Provence\"},\"image\":{\"@id\":\"https:\\\/\\\/leveilenprovence.com\\\/#\\\/schema\\\/logo\\\/image\\\/\"},\"sameAs\":[\"https:\\\/\\\/www.facebook.com\\\/people\\\/LEveil-en-Provence\\\/100088765029872\\\/\"]}]}<\/script>\n<!-- \/ Yoast SEO plugin. -->","yoast_head_json":{"title":"WELKOM ! - L&#039;Eveil en Provence","description":"Cach\u00e9 entre des montagnes \u00e0 couper le souffle et des mers azur\u00e9es, le sud de la France est une destination de r\u00eave pour de nombreux voyageurs. L\u2019une des meilleures fa\u00e7ons de d\u00e9couvrir cette r\u00e9gion enchanteresse est de s\u00e9journer dans un charmant g\u00eete touristique.","robots":{"index":"index","follow":"follow","max-snippet":"max-snippet:-1","max-image-preview":"max-image-preview:large","max-video-preview":"max-video-preview:-1"},"canonical":"https:\/\/leveilenprovence.com\/fr\/","og_locale":"fr_FR","og_type":"article","og_title":"WELKOM ! - L&#039;Eveil en Provence","og_description":"Verscholen tussen de adembenemende bergen en de azuurblauwe zee is Zuid-Frankrijk voor veel reizigers een droombestemming. E\u00e9n van de beste manieren om deze betoverende regio te ervaren is door te verblijven in een charmante bed and breakfast.","og_url":"https:\/\/leveilenprovence.com\/fr\/","og_site_name":"L&#039;Eveil en Provence","article_publisher":"https:\/\/www.facebook.com\/people\/LEveil-en-Provence\/100088765029872\/","article_modified_time":"2026-02-22T08:52:59+00:00","og_image":[{"width":240,"height":207,"url":"https:\/\/leveilenprovence.com\/wp-content\/uploads\/2024\/01\/cropped-348354611_1390807788156117_6322167039512516205_n_edited-1.jpg","type":"image\/jpeg"}],"twitter_card":"summary_large_image","twitter_misc":{"Dur\u00e9e de lecture estim\u00e9e":"2 minutes"},"schema":{"@context":"https:\/\/schema.org","@graph":[{"@type":"WebPage","@id":"https:\/\/leveilenprovence.com\/","url":"https:\/\/leveilenprovence.com\/","name":"WELKOM ! - L&#039;Eveil en Provence","isPartOf":{"@id":"https:\/\/leveilenprovence.com\/#website"},"primaryImageOfPage":{"@id":"https:\/\/leveilenprovence.com\/#primaryimage"},"image":{"@id":"https:\/\/leveilenprovence.com\/#primaryimage"},"thumbnailUrl":"https:\/\/leveilenprovence.com\/wp-content\/uploads\/2024\/01\/cropped-348354611_1390807788156117_6322167039512516205_n_edited-1.jpg","datePublished":"2023-12-09T13:26:41+00:00","dateModified":"2026-02-22T08:52:59+00:00","description":"Cach\u00e9 entre des montagnes \u00e0 couper le souffle et des mers azur\u00e9es, le sud de la France est une destination de r\u00eave pour de nombreux voyageurs. L\u2019une des meilleures fa\u00e7ons de d\u00e9couvrir cette r\u00e9gion enchanteresse est de s\u00e9journer dans un charmant g\u00eete touristique.","inLanguage":"fr-FR","potentialAction":[{"@type":"ReadAction","target":["https:\/\/leveilenprovence.com\/"]}]},{"@type":"ImageObject","inLanguage":"fr-FR","@id":"https:\/\/leveilenprovence.com\/#primaryimage","url":"https:\/\/leveilenprovence.com\/wp-content\/uploads\/2024\/01\/cropped-348354611_1390807788156117_6322167039512516205_n_edited-1.jpg","contentUrl":"https:\/\/leveilenprovence.com\/wp-content\/uploads\/2024\/01\/cropped-348354611_1390807788156117_6322167039512516205_n_edited-1.jpg","width":240,"height":207},{"@type":"WebSite","@id":"https:\/\/leveilenprovence.com\/#website","url":"https:\/\/leveilenprovence.com\/","name":"https:\/\/leveilenprovence.com","description":"","publisher":{"@id":"https:\/\/leveilenprovence.com\/#organization"},"potentialAction":[{"@type":"SearchAction","target":{"@type":"EntryPoint","urlTemplate":"https:\/\/leveilenprovence.com\/?s={search_term_string}"},"query-input":{"@type":"PropertyValueSpecification","valueRequired":true,"valueName":"search_term_string"}}],"inLanguage":"fr-FR"},{"@type":"Organization","@id":"https:\/\/leveilenprovence.com\/#organization","name":"l'Eveil-en-Provence","url":"https:\/\/leveilenprovence.com\/","logo":{"@type":"ImageObject","inLanguage":"fr-FR","@id":"https:\/\/leveilenprovence.com\/#\/schema\/logo\/image\/","url":"https:\/\/leveilenprovence.com\/wp-content\/uploads\/2024\/01\/cropped-348354611_1390807788156117_6322167039512516205_n_edited-1.jpg","contentUrl":"https:\/\/leveilenprovence.com\/wp-content\/uploads\/2024\/01\/cropped-348354611_1390807788156117_6322167039512516205_n_edited-1.jpg","width":240,"height":207,"caption":"l'Eveil-en-Provence"},"image":{"@id":"https:\/\/leveilenprovence.com\/#\/schema\/logo\/image\/"},"sameAs":["https:\/\/www.facebook.com\/people\/LEveil-en-Provence\/100088765029872\/"]}]}},"jetpack_likes_enabled":true,"jetpack_sharing_enabled":true,"_links":{"self":[{"href":"https:\/\/leveilenprovence.com\/fr\/wp-json\/wp\/v2\/pages\/12","targetHints":{"allow":["GET"]}}],"collection":[{"href":"https:\/\/leveilenprovence.com\/fr\/wp-json\/wp\/v2\/pages"}],"about":[{"href":"https:\/\/leveilenprovence.com\/fr\/wp-json\/wp\/v2\/types\/page"}],"author":[{"embeddable":true,"href":"https:\/\/leveilenprovence.com\/fr\/wp-json\/wp\/v2\/users\/1"}],"replies":[{"embeddable":true,"href":"https:\/\/leveilenprovence.com\/fr\/wp-json\/wp\/v2\/comments?post=12"}],"version-history":[{"count":193,"href":"https:\/\/leveilenprovence.com\/fr\/wp-json\/wp\/v2\/pages\/12\/revisions"}],"predecessor-version":[{"id":1197,"href":"https:\/\/leveilenprovence.com\/fr\/wp-json\/wp\/v2\/pages\/12\/revisions\/1197"}],"wp:featuredmedia":[{"embeddable":true,"href":"https:\/\/leveilenprovence.com\/fr\/wp-json\/wp\/v2\/media\/775"}],"wp:attachment":[{"href":"https:\/\/leveilenprovence.com\/fr\/wp-json\/wp\/v2\/media?parent=12"}],"curies":[{"name":"wp","href":"https:\/\/api.w.org\/{rel}","templated":true}]}}