{"id":424,"date":"2025-01-29T14:25:11","date_gmt":"2025-01-29T14:25:11","guid":{"rendered":"https:\/\/leveilenprovence.com\/?page_id=424"},"modified":"2025-12-09T13:38:04","modified_gmt":"2025-12-09T13:38:04","slug":"ontdek-ons-appartement","status":"publish","type":"page","link":"https:\/\/leveilenprovence.com\/fr\/ontdek-ons-appartement\/","title":{"rendered":"D\u00e9couvrez notre g\u00eete"},"content":{"rendered":"<p>L&#039;appartement est situ\u00e9 au premier \u00e9tage, les chambres du Bed and Breakfast sont au rez-de-chauss\u00e9e. <\/p>\n\n\n\n<p>L&#039;appartement comprend deux chambres, une salle de bain, des toilettes s\u00e9par\u00e9es, une cuisine ouverte sur le s\u00e9jour et un balcon. Il comprend une chambre avec un lit double (160 cm) et une chambre avec deux lits simples (90 cm) ou un lit double (180 cm). La cuisine est \u00e9quip\u00e9e d&#039;un r\u00e9frig\u00e9rateur, d&#039;une cuisini\u00e8re \u00e0 gaz avec four, d&#039;un lave-vaisselle, d&#039;un micro-ondes, d&#039;une cafeti\u00e8re et d&#039;une machine \u00e0 capsules. Le s\u00e9jour dispose d&#039;un canap\u00e9-lit (140 cm), permettant d&#039;accueillir jusqu&#039;\u00e0 six personnes. Un lit b\u00e9b\u00e9 et une chaise haute sont disponibles.<\/p>\n\n\n\n<p>Le linge de lit et de bain est inclus, ainsi que le papier toilette, les produits de vaisselle et de lavage. Il n&#039;y a pas de machine \u00e0 laver dans l&#039;appartement, mais vous pouvez toujours utiliser l&#039;une des machines \u00e0 laver au rez-de-chauss\u00e9e.<\/p>\n\n\n\n<p>Le tarif est bas\u00e9 sur le nombre de personnes. Il n&#039;y a pas de frais suppl\u00e9mentaires pour le nettoyage ou la caution. Dans notre appartement vous b\u00e9n\u00e9ficierez des m\u00eames avantages qu&#039;en s\u00e9journant dans nos chambres, seuls le petit-d\u00e9jeuner et la taxe de s\u00e9jour ne sont pas inclus. Si vous souhaitez un petit-d\u00e9jeuner, vous pouvez le commander sur place, cela repr\u00e9sente un suppl\u00e9ment de 10 euros\/pp.<\/p>\n\n\n\n<div class=\"wp-block-cover\" style=\"min-height:383px\"><span aria-hidden=\"true\" class=\"wp-block-cover__background has-background-dim\"><\/span><div class=\"wp-block-cover__inner-container is-layout-flow wp-block-cover-is-layout-flow\">\n<div class=\"wp-block-group\"><div class=\"wp-block-group__inner-container is-layout-flow wp-block-group-is-layout-flow\">\n<div class=\"wp-block-group\"><div class=\"wp-block-group__inner-container is-layout-flow wp-block-group-is-layout-flow\">\n<p>Taux 2026<\/p>\n\n\n\n<ul class=\"wp-block-list\">\n<li>2 pers: 120 euro\/nuit<\/li>\n\n\n\n<li>3 pers: 135 euro\/nuit<\/li>\n\n\n\n<li>4 pers: 150 euro\/nuit<\/li>\n\n\n\n<li>5 pers: 165 euro\/nuit<\/li>\n\n\n\n<li>6 pers: 180 euro\/nuit<\/li>\n<\/ul>\n\n\n\n<p>Taxe de s\u00e9jour et petit d\u00e9jeuner non inclus. <\/p>\n\n\n\n<p>Animaux sur demande. <\/p>\n\n\n\n<p>R\u00e9servation de 3 nuits minimum. <\/p>\n<\/div><\/div>\n<\/div><\/div>\n<\/div><\/div>\n\n\n\n<div class=\"wp-block-jetpack-slideshow aligncenter is-style-rectangular\" data-effect=\"slide\"><div class=\"wp-block-jetpack-slideshow_container swiper\"><ul class=\"wp-block-jetpack-slideshow_swiper-wrapper swiper-wrapper\"><li class=\"wp-block-jetpack-slideshow_slide swiper-slide\"><figure><img fetchpriority=\"high\" decoding=\"async\" width=\"2560\" height=\"1920\" alt=\"\" class=\"wp-block-jetpack-slideshow_image wp-image-986\" data-id=\"986\" src=\"https:\/\/leveilenprovence.com\/wp-content\/uploads\/2025\/04\/IMG_6879-scaled.jpg\" srcset=\"https:\/\/leveilenprovence.com\/wp-content\/uploads\/2025\/04\/IMG_6879-scaled.jpg 2560w, https:\/\/leveilenprovence.com\/wp-content\/uploads\/2025\/04\/IMG_6879-300x225.jpg 300w, https:\/\/leveilenprovence.com\/wp-content\/uploads\/2025\/04\/IMG_6879-1024x768.jpg 1024w, https:\/\/leveilenprovence.com\/wp-content\/uploads\/2025\/04\/IMG_6879-768x576.jpg 768w, https:\/\/leveilenprovence.com\/wp-content\/uploads\/2025\/04\/IMG_6879-1536x1152.jpg 1536w, https:\/\/leveilenprovence.com\/wp-content\/uploads\/2025\/04\/IMG_6879-2048x1536.jpg 2048w, https:\/\/leveilenprovence.com\/wp-content\/uploads\/2025\/04\/IMG_6879-16x12.jpg 16w\" sizes=\"(max-width: 2560px) 100vw, 2560px\" \/><\/figure><\/li><li class=\"wp-block-jetpack-slideshow_slide swiper-slide\"><figure><img decoding=\"async\" width=\"2560\" height=\"1920\" alt=\"\" class=\"wp-block-jetpack-slideshow_image wp-image-998\" data-id=\"998\" src=\"https:\/\/leveilenprovence.com\/wp-content\/uploads\/2025\/04\/IMG_6836-scaled.jpg\" srcset=\"https:\/\/leveilenprovence.com\/wp-content\/uploads\/2025\/04\/IMG_6836-scaled.jpg 2560w, https:\/\/leveilenprovence.com\/wp-content\/uploads\/2025\/04\/IMG_6836-300x225.jpg 300w, https:\/\/leveilenprovence.com\/wp-content\/uploads\/2025\/04\/IMG_6836-1024x768.jpg 1024w, https:\/\/leveilenprovence.com\/wp-content\/uploads\/2025\/04\/IMG_6836-768x576.jpg 768w, https:\/\/leveilenprovence.com\/wp-content\/uploads\/2025\/04\/IMG_6836-1536x1152.jpg 1536w, https:\/\/leveilenprovence.com\/wp-content\/uploads\/2025\/04\/IMG_6836-2048x1536.jpg 2048w, https:\/\/leveilenprovence.com\/wp-content\/uploads\/2025\/04\/IMG_6836-16x12.jpg 16w\" sizes=\"(max-width: 2560px) 100vw, 2560px\" \/><\/figure><\/li><li class=\"wp-block-jetpack-slideshow_slide swiper-slide\"><figure><img decoding=\"async\" width=\"2560\" height=\"1920\" alt=\"\" class=\"wp-block-jetpack-slideshow_image wp-image-999\" data-id=\"999\" src=\"https:\/\/leveilenprovence.com\/wp-content\/uploads\/2025\/04\/IMG_6837-scaled.jpg\" srcset=\"https:\/\/leveilenprovence.com\/wp-content\/uploads\/2025\/04\/IMG_6837-scaled.jpg 2560w, https:\/\/leveilenprovence.com\/wp-content\/uploads\/2025\/04\/IMG_6837-300x225.jpg 300w, https:\/\/leveilenprovence.com\/wp-content\/uploads\/2025\/04\/IMG_6837-1024x768.jpg 1024w, https:\/\/leveilenprovence.com\/wp-content\/uploads\/2025\/04\/IMG_6837-768x576.jpg 768w, https:\/\/leveilenprovence.com\/wp-content\/uploads\/2025\/04\/IMG_6837-1536x1152.jpg 1536w, https:\/\/leveilenprovence.com\/wp-content\/uploads\/2025\/04\/IMG_6837-2048x1536.jpg 2048w, https:\/\/leveilenprovence.com\/wp-content\/uploads\/2025\/04\/IMG_6837-16x12.jpg 16w\" sizes=\"(max-width: 2560px) 100vw, 2560px\" \/><\/figure><\/li><li class=\"wp-block-jetpack-slideshow_slide swiper-slide\"><figure><img loading=\"lazy\" decoding=\"async\" width=\"2560\" height=\"1920\" alt=\"\" class=\"wp-block-jetpack-slideshow_image wp-image-439\" data-id=\"439\" src=\"https:\/\/leveilenprovence.com\/wp-content\/uploads\/2025\/01\/keuken-app-2-scaled.jpg\" srcset=\"https:\/\/leveilenprovence.com\/wp-content\/uploads\/2025\/01\/keuken-app-2-scaled.jpg 2560w, https:\/\/leveilenprovence.com\/wp-content\/uploads\/2025\/01\/keuken-app-2-300x225.jpg 300w, https:\/\/leveilenprovence.com\/wp-content\/uploads\/2025\/01\/keuken-app-2-1024x768.jpg 1024w, https:\/\/leveilenprovence.com\/wp-content\/uploads\/2025\/01\/keuken-app-2-768x576.jpg 768w, https:\/\/leveilenprovence.com\/wp-content\/uploads\/2025\/01\/keuken-app-2-1536x1152.jpg 1536w, https:\/\/leveilenprovence.com\/wp-content\/uploads\/2025\/01\/keuken-app-2-2048x1536.jpg 2048w\" sizes=\"(max-width: 2560px) 100vw, 2560px\" \/><\/figure><\/li><li class=\"wp-block-jetpack-slideshow_slide swiper-slide\"><figure><img loading=\"lazy\" decoding=\"async\" width=\"1512\" height=\"2016\" alt=\"\" class=\"wp-block-jetpack-slideshow_image wp-image-446\" data-id=\"446\" src=\"https:\/\/leveilenprovence.com\/wp-content\/uploads\/2025\/01\/living-app-kopie-1-rotated.jpg\" srcset=\"https:\/\/leveilenprovence.com\/wp-content\/uploads\/2025\/01\/living-app-kopie-1-rotated.jpg 1512w, https:\/\/leveilenprovence.com\/wp-content\/uploads\/2025\/01\/living-app-kopie-1-225x300.jpg 225w, https:\/\/leveilenprovence.com\/wp-content\/uploads\/2025\/01\/living-app-kopie-1-768x1024.jpg 768w, https:\/\/leveilenprovence.com\/wp-content\/uploads\/2025\/01\/living-app-kopie-1-1152x1536.jpg 1152w\" sizes=\"(max-width: 1512px) 100vw, 1512px\" \/><\/figure><\/li><li class=\"wp-block-jetpack-slideshow_slide swiper-slide\"><figure><img loading=\"lazy\" decoding=\"async\" width=\"1920\" height=\"2560\" alt=\"\" class=\"wp-block-jetpack-slideshow_image wp-image-435\" data-id=\"435\" src=\"https:\/\/leveilenprovence.com\/wp-content\/uploads\/2025\/01\/living-app-scaled.jpg\" srcset=\"https:\/\/leveilenprovence.com\/wp-content\/uploads\/2025\/01\/living-app-scaled.jpg 1920w, https:\/\/leveilenprovence.com\/wp-content\/uploads\/2025\/01\/living-app-225x300.jpg 225w, https:\/\/leveilenprovence.com\/wp-content\/uploads\/2025\/01\/living-app-768x1024.jpg 768w, https:\/\/leveilenprovence.com\/wp-content\/uploads\/2025\/01\/living-app-1152x1536.jpg 1152w, https:\/\/leveilenprovence.com\/wp-content\/uploads\/2025\/01\/living-app-1536x2048.jpg 1536w\" sizes=\"(max-width: 1920px) 100vw, 1920px\" \/><\/figure><\/li><li class=\"wp-block-jetpack-slideshow_slide swiper-slide\"><figure><img loading=\"lazy\" decoding=\"async\" width=\"1600\" height=\"1200\" alt=\"\" class=\"wp-block-jetpack-slideshow_image wp-image-429\" data-id=\"429\" src=\"https:\/\/leveilenprovence.com\/wp-content\/uploads\/2025\/01\/Kamer-1-app.jpg\" srcset=\"https:\/\/leveilenprovence.com\/wp-content\/uploads\/2025\/01\/Kamer-1-app.jpg 1600w, https:\/\/leveilenprovence.com\/wp-content\/uploads\/2025\/01\/Kamer-1-app-300x225.jpg 300w, https:\/\/leveilenprovence.com\/wp-content\/uploads\/2025\/01\/Kamer-1-app-1024x768.jpg 1024w, https:\/\/leveilenprovence.com\/wp-content\/uploads\/2025\/01\/Kamer-1-app-768x576.jpg 768w, https:\/\/leveilenprovence.com\/wp-content\/uploads\/2025\/01\/Kamer-1-app-1536x1152.jpg 1536w\" sizes=\"(max-width: 1600px) 100vw, 1600px\" \/><\/figure><\/li><li class=\"wp-block-jetpack-slideshow_slide swiper-slide\"><figure><img loading=\"lazy\" decoding=\"async\" width=\"2016\" height=\"1512\" alt=\"\" class=\"wp-block-jetpack-slideshow_image wp-image-444\" data-id=\"444\" src=\"https:\/\/leveilenprovence.com\/wp-content\/uploads\/2025\/01\/slaapk-app-kopie.jpg\" srcset=\"https:\/\/leveilenprovence.com\/wp-content\/uploads\/2025\/01\/slaapk-app-kopie.jpg 2016w, https:\/\/leveilenprovence.com\/wp-content\/uploads\/2025\/01\/slaapk-app-kopie-300x225.jpg 300w, https:\/\/leveilenprovence.com\/wp-content\/uploads\/2025\/01\/slaapk-app-kopie-1024x768.jpg 1024w, https:\/\/leveilenprovence.com\/wp-content\/uploads\/2025\/01\/slaapk-app-kopie-768x576.jpg 768w, https:\/\/leveilenprovence.com\/wp-content\/uploads\/2025\/01\/slaapk-app-kopie-1536x1152.jpg 1536w\" sizes=\"(max-width: 2016px) 100vw, 2016px\" \/><\/figure><\/li><li class=\"wp-block-jetpack-slideshow_slide swiper-slide\"><figure><img loading=\"lazy\" decoding=\"async\" width=\"1600\" height=\"1200\" alt=\"\" class=\"wp-block-jetpack-slideshow_image wp-image-427\" data-id=\"427\" src=\"https:\/\/leveilenprovence.com\/wp-content\/uploads\/2025\/01\/badkamer-appartement.jpg\" srcset=\"https:\/\/leveilenprovence.com\/wp-content\/uploads\/2025\/01\/badkamer-appartement.jpg 1600w, https:\/\/leveilenprovence.com\/wp-content\/uploads\/2025\/01\/badkamer-appartement-300x225.jpg 300w, https:\/\/leveilenprovence.com\/wp-content\/uploads\/2025\/01\/badkamer-appartement-1024x768.jpg 1024w, https:\/\/leveilenprovence.com\/wp-content\/uploads\/2025\/01\/badkamer-appartement-768x576.jpg 768w, https:\/\/leveilenprovence.com\/wp-content\/uploads\/2025\/01\/badkamer-appartement-1536x1152.jpg 1536w\" sizes=\"(max-width: 1600px) 100vw, 1600px\" \/><\/figure><\/li><li class=\"wp-block-jetpack-slideshow_slide swiper-slide\"><figure><img loading=\"lazy\" decoding=\"async\" width=\"842\" height=\"1191\" alt=\"\" class=\"wp-block-jetpack-slideshow_image wp-image-975\" data-id=\"975\" src=\"https:\/\/leveilenprovence.com\/wp-content\/uploads\/2025\/03\/Plaque-Meuble_tourisme3_2025-6.png\" srcset=\"https:\/\/leveilenprovence.com\/wp-content\/uploads\/2025\/03\/Plaque-Meuble_tourisme3_2025-6.png 842w, https:\/\/leveilenprovence.com\/wp-content\/uploads\/2025\/03\/Plaque-Meuble_tourisme3_2025-6-212x300.png 212w, https:\/\/leveilenprovence.com\/wp-content\/uploads\/2025\/03\/Plaque-Meuble_tourisme3_2025-6-724x1024.png 724w, https:\/\/leveilenprovence.com\/wp-content\/uploads\/2025\/03\/Plaque-Meuble_tourisme3_2025-6-768x1086.png 768w, https:\/\/leveilenprovence.com\/wp-content\/uploads\/2025\/03\/Plaque-Meuble_tourisme3_2025-6-8x12.png 8w\" sizes=\"(max-width: 842px) 100vw, 842px\" \/><\/figure><\/li><\/ul><a class=\"wp-block-jetpack-slideshow_button-prev swiper-button-prev swiper-button-white\" role=\"button\"><\/a><a class=\"wp-block-jetpack-slideshow_button-next swiper-button-next swiper-button-white\" role=\"button\"><\/a><a aria-label=\"Mettre en pause le diaporama\" class=\"wp-block-jetpack-slideshow_button-pause\" role=\"button\"><\/a><div class=\"wp-block-jetpack-slideshow_pagination swiper-pagination swiper-pagination-white\"><\/div><\/div><\/div>","protected":false},"excerpt":{"rendered":"<p>Het appartement is gelegen op de eerste verdieping, op het gelijkvloers bevinden zich de kamers van de Bed and Breakfast. Het appartement beschikt over 2 slaapkamers, badkamer, apart toilet, open keuken met leefruimte en balkon. Er is een slaapkamer met een dubbelbed (160cm) en een slaapkamer met 2 \u00e9\u00e9npersoonsbedden (90cm) of 1 dubbelbed (180cm). De [&hellip;]<\/p>\n","protected":false},"author":3,"featured_media":0,"parent":0,"menu_order":3,"comment_status":"closed","ping_status":"closed","template":"","meta":{"_eb_attr":"","footnotes":""},"class_list":["post-424","page","type-page","status-publish","hentry"],"yoast_head":"<!-- This site is optimized with the Yoast SEO plugin v27.4 - https:\/\/yoast.com\/product\/yoast-seo-wordpress\/ -->\n<title>Ontdek ons appartement - L&#039;Eveil en Provence<\/title>\n<meta name=\"description\" content=\"Ruim appartement voor 6 personen in de Provence, Zuid-Frankrijk. Dit appartement is gelegen op de eerste verdieping, op het gelijkvloers bevinden zich de kamers van de Bed and Breakfast. Het appartement beschikt over 2 slaapkamers, badkamer, apart toilet, open keuken met leefruimte en balkon.\" \/>\n<meta name=\"robots\" content=\"index, follow, max-snippet:-1, max-image-preview:large, max-video-preview:-1\" \/>\n<link rel=\"canonical\" href=\"https:\/\/leveilenprovence.com\/fr\/ontdek-ons-appartement\/\" \/>\n<meta property=\"og:locale\" content=\"fr_FR\" \/>\n<meta property=\"og:type\" content=\"article\" \/>\n<meta property=\"og:title\" content=\"Ontdek ons appartement - L&#039;Eveil en Provence\" \/>\n<meta property=\"og:description\" content=\"Ruim appartement voor 6 personen in de Provence, Zuid-Frankrijk. Dit appartement is gelegen op de eerste verdieping, op het gelijkvloers bevinden zich de kamers van de Bed and Breakfast. Het appartement beschikt over 2 slaapkamers, badkamer, apart toilet, open keuken met leefruimte en balkon.\" \/>\n<meta property=\"og:url\" content=\"https:\/\/leveilenprovence.com\/fr\/ontdek-ons-appartement\/\" \/>\n<meta property=\"og:site_name\" content=\"L&#039;Eveil en Provence\" \/>\n<meta property=\"article:publisher\" content=\"https:\/\/www.facebook.com\/people\/LEveil-en-Provence\/100088765029872\/\" \/>\n<meta property=\"article:modified_time\" content=\"2025-12-09T13:38:04+00:00\" \/>\n<meta property=\"og:image\" content=\"https:\/\/leveilenprovence.com\/wp-content\/uploads\/2025\/04\/IMG_6879-scaled.jpg\" \/>\n\t<meta property=\"og:image:width\" content=\"2560\" \/>\n\t<meta property=\"og:image:height\" content=\"1920\" \/>\n\t<meta property=\"og:image:type\" content=\"image\/jpeg\" \/>\n<meta name=\"twitter:card\" content=\"summary_large_image\" \/>\n<meta name=\"twitter:label1\" content=\"Dur\u00e9e de lecture estim\u00e9e\" \/>\n\t<meta name=\"twitter:data1\" content=\"4 minutes\" \/>\n<script type=\"application\/ld+json\" class=\"yoast-schema-graph\">{\"@context\":\"https:\\\/\\\/schema.org\",\"@graph\":[{\"@type\":\"WebPage\",\"@id\":\"https:\\\/\\\/leveilenprovence.com\\\/ontdek-ons-appartement\\\/\",\"url\":\"https:\\\/\\\/leveilenprovence.com\\\/ontdek-ons-appartement\\\/\",\"name\":\"Ontdek ons appartement - L&#039;Eveil en Provence\",\"isPartOf\":{\"@id\":\"https:\\\/\\\/leveilenprovence.com\\\/#website\"},\"primaryImageOfPage\":{\"@id\":\"https:\\\/\\\/leveilenprovence.com\\\/ontdek-ons-appartement\\\/#primaryimage\"},\"image\":{\"@id\":\"https:\\\/\\\/leveilenprovence.com\\\/ontdek-ons-appartement\\\/#primaryimage\"},\"thumbnailUrl\":\"https:\\\/\\\/leveilenprovence.com\\\/wp-content\\\/uploads\\\/2025\\\/04\\\/IMG_6879-scaled.jpg\",\"datePublished\":\"2025-01-29T14:25:11+00:00\",\"dateModified\":\"2025-12-09T13:38:04+00:00\",\"description\":\"Ruim appartement voor 6 personen in de Provence, Zuid-Frankrijk. Dit appartement is gelegen op de eerste verdieping, op het gelijkvloers bevinden zich de kamers van de Bed and Breakfast. Het appartement beschikt over 2 slaapkamers, badkamer, apart toilet, open keuken met leefruimte en balkon.\",\"inLanguage\":\"fr-FR\",\"potentialAction\":[{\"@type\":\"ReadAction\",\"target\":[\"https:\\\/\\\/leveilenprovence.com\\\/ontdek-ons-appartement\\\/\"]}]},{\"@type\":\"ImageObject\",\"inLanguage\":\"fr-FR\",\"@id\":\"https:\\\/\\\/leveilenprovence.com\\\/ontdek-ons-appartement\\\/#primaryimage\",\"url\":\"https:\\\/\\\/leveilenprovence.com\\\/wp-content\\\/uploads\\\/2025\\\/04\\\/IMG_6879-scaled.jpg\",\"contentUrl\":\"https:\\\/\\\/leveilenprovence.com\\\/wp-content\\\/uploads\\\/2025\\\/04\\\/IMG_6879-scaled.jpg\"},{\"@type\":\"WebSite\",\"@id\":\"https:\\\/\\\/leveilenprovence.com\\\/#website\",\"url\":\"https:\\\/\\\/leveilenprovence.com\\\/\",\"name\":\"https:\\\/\\\/leveilenprovence.com\",\"description\":\"\",\"publisher\":{\"@id\":\"https:\\\/\\\/leveilenprovence.com\\\/#organization\"},\"potentialAction\":[{\"@type\":\"SearchAction\",\"target\":{\"@type\":\"EntryPoint\",\"urlTemplate\":\"https:\\\/\\\/leveilenprovence.com\\\/?s={search_term_string}\"},\"query-input\":{\"@type\":\"PropertyValueSpecification\",\"valueRequired\":true,\"valueName\":\"search_term_string\"}}],\"inLanguage\":\"fr-FR\"},{\"@type\":\"Organization\",\"@id\":\"https:\\\/\\\/leveilenprovence.com\\\/#organization\",\"name\":\"l'Eveil-en-Provence\",\"url\":\"https:\\\/\\\/leveilenprovence.com\\\/\",\"logo\":{\"@type\":\"ImageObject\",\"inLanguage\":\"fr-FR\",\"@id\":\"https:\\\/\\\/leveilenprovence.com\\\/#\\\/schema\\\/logo\\\/image\\\/\",\"url\":\"https:\\\/\\\/leveilenprovence.com\\\/wp-content\\\/uploads\\\/2024\\\/01\\\/cropped-348354611_1390807788156117_6322167039512516205_n_edited-1.jpg\",\"contentUrl\":\"https:\\\/\\\/leveilenprovence.com\\\/wp-content\\\/uploads\\\/2024\\\/01\\\/cropped-348354611_1390807788156117_6322167039512516205_n_edited-1.jpg\",\"width\":240,\"height\":207,\"caption\":\"l'Eveil-en-Provence\"},\"image\":{\"@id\":\"https:\\\/\\\/leveilenprovence.com\\\/#\\\/schema\\\/logo\\\/image\\\/\"},\"sameAs\":[\"https:\\\/\\\/www.facebook.com\\\/people\\\/LEveil-en-Provence\\\/100088765029872\\\/\"]}]}<\/script>\n<!-- \/ Yoast SEO plugin. -->","yoast_head_json":{"title":"Ontdek ons appartement - L&#039;Eveil en Provence","description":"Ruim appartement voor 6 personen in de Provence, Zuid-Frankrijk. Dit appartement is gelegen op de eerste verdieping, op het gelijkvloers bevinden zich de kamers van de Bed and Breakfast. Het appartement beschikt over 2 slaapkamers, badkamer, apart toilet, open keuken met leefruimte en balkon.","robots":{"index":"index","follow":"follow","max-snippet":"max-snippet:-1","max-image-preview":"max-image-preview:large","max-video-preview":"max-video-preview:-1"},"canonical":"https:\/\/leveilenprovence.com\/fr\/ontdek-ons-appartement\/","og_locale":"fr_FR","og_type":"article","og_title":"Ontdek ons appartement - L&#039;Eveil en Provence","og_description":"Ruim appartement voor 6 personen in de Provence, Zuid-Frankrijk. Dit appartement is gelegen op de eerste verdieping, op het gelijkvloers bevinden zich de kamers van de Bed and Breakfast. Het appartement beschikt over 2 slaapkamers, badkamer, apart toilet, open keuken met leefruimte en balkon.","og_url":"https:\/\/leveilenprovence.com\/fr\/ontdek-ons-appartement\/","og_site_name":"L&#039;Eveil en Provence","article_publisher":"https:\/\/www.facebook.com\/people\/LEveil-en-Provence\/100088765029872\/","article_modified_time":"2025-12-09T13:38:04+00:00","og_image":[{"width":2560,"height":1920,"url":"https:\/\/leveilenprovence.com\/wp-content\/uploads\/2025\/04\/IMG_6879-scaled.jpg","type":"image\/jpeg"}],"twitter_card":"summary_large_image","twitter_misc":{"Dur\u00e9e de lecture estim\u00e9e":"4 minutes"},"schema":{"@context":"https:\/\/schema.org","@graph":[{"@type":"WebPage","@id":"https:\/\/leveilenprovence.com\/ontdek-ons-appartement\/","url":"https:\/\/leveilenprovence.com\/ontdek-ons-appartement\/","name":"Ontdek ons appartement - L&#039;Eveil en Provence","isPartOf":{"@id":"https:\/\/leveilenprovence.com\/#website"},"primaryImageOfPage":{"@id":"https:\/\/leveilenprovence.com\/ontdek-ons-appartement\/#primaryimage"},"image":{"@id":"https:\/\/leveilenprovence.com\/ontdek-ons-appartement\/#primaryimage"},"thumbnailUrl":"https:\/\/leveilenprovence.com\/wp-content\/uploads\/2025\/04\/IMG_6879-scaled.jpg","datePublished":"2025-01-29T14:25:11+00:00","dateModified":"2025-12-09T13:38:04+00:00","description":"Ruim appartement voor 6 personen in de Provence, Zuid-Frankrijk. Dit appartement is gelegen op de eerste verdieping, op het gelijkvloers bevinden zich de kamers van de Bed and Breakfast. Het appartement beschikt over 2 slaapkamers, badkamer, apart toilet, open keuken met leefruimte en balkon.","inLanguage":"fr-FR","potentialAction":[{"@type":"ReadAction","target":["https:\/\/leveilenprovence.com\/ontdek-ons-appartement\/"]}]},{"@type":"ImageObject","inLanguage":"fr-FR","@id":"https:\/\/leveilenprovence.com\/ontdek-ons-appartement\/#primaryimage","url":"https:\/\/leveilenprovence.com\/wp-content\/uploads\/2025\/04\/IMG_6879-scaled.jpg","contentUrl":"https:\/\/leveilenprovence.com\/wp-content\/uploads\/2025\/04\/IMG_6879-scaled.jpg"},{"@type":"WebSite","@id":"https:\/\/leveilenprovence.com\/#website","url":"https:\/\/leveilenprovence.com\/","name":"https:\/\/leveilenprovence.com","description":"","publisher":{"@id":"https:\/\/leveilenprovence.com\/#organization"},"potentialAction":[{"@type":"SearchAction","target":{"@type":"EntryPoint","urlTemplate":"https:\/\/leveilenprovence.com\/?s={search_term_string}"},"query-input":{"@type":"PropertyValueSpecification","valueRequired":true,"valueName":"search_term_string"}}],"inLanguage":"fr-FR"},{"@type":"Organization","@id":"https:\/\/leveilenprovence.com\/#organization","name":"l'Eveil-en-Provence","url":"https:\/\/leveilenprovence.com\/","logo":{"@type":"ImageObject","inLanguage":"fr-FR","@id":"https:\/\/leveilenprovence.com\/#\/schema\/logo\/image\/","url":"https:\/\/leveilenprovence.com\/wp-content\/uploads\/2024\/01\/cropped-348354611_1390807788156117_6322167039512516205_n_edited-1.jpg","contentUrl":"https:\/\/leveilenprovence.com\/wp-content\/uploads\/2024\/01\/cropped-348354611_1390807788156117_6322167039512516205_n_edited-1.jpg","width":240,"height":207,"caption":"l'Eveil-en-Provence"},"image":{"@id":"https:\/\/leveilenprovence.com\/#\/schema\/logo\/image\/"},"sameAs":["https:\/\/www.facebook.com\/people\/LEveil-en-Provence\/100088765029872\/"]}]}},"jetpack_likes_enabled":true,"jetpack_sharing_enabled":true,"_links":{"self":[{"href":"https:\/\/leveilenprovence.com\/fr\/wp-json\/wp\/v2\/pages\/424","targetHints":{"allow":["GET"]}}],"collection":[{"href":"https:\/\/leveilenprovence.com\/fr\/wp-json\/wp\/v2\/pages"}],"about":[{"href":"https:\/\/leveilenprovence.com\/fr\/wp-json\/wp\/v2\/types\/page"}],"author":[{"embeddable":true,"href":"https:\/\/leveilenprovence.com\/fr\/wp-json\/wp\/v2\/users\/3"}],"replies":[{"embeddable":true,"href":"https:\/\/leveilenprovence.com\/fr\/wp-json\/wp\/v2\/comments?post=424"}],"version-history":[{"count":20,"href":"https:\/\/leveilenprovence.com\/fr\/wp-json\/wp\/v2\/pages\/424\/revisions"}],"predecessor-version":[{"id":1045,"href":"https:\/\/leveilenprovence.com\/fr\/wp-json\/wp\/v2\/pages\/424\/revisions\/1045"}],"wp:attachment":[{"href":"https:\/\/leveilenprovence.com\/fr\/wp-json\/wp\/v2\/media?parent=424"}],"curies":[{"name":"wp","href":"https:\/\/api.w.org\/{rel}","templated":true}]}}