{"id":478,"date":"2025-01-29T17:03:54","date_gmt":"2025-01-29T17:03:54","guid":{"rendered":"https:\/\/leveilenprovence.com\/?page_id=478"},"modified":"2026-01-27T14:42:07","modified_gmt":"2026-01-27T14:42:07","slug":"omgeving","status":"publish","type":"page","link":"https:\/\/leveilenprovence.com\/fr\/omgeving\/","title":{"rendered":"Activit\u00e9s"},"content":{"rendered":"<p>Balades dans une nature luxuriante, que ce soit \u00e0 pied, \u00e0 v\u00e9lo, \u00e0 moto, en voiture : possibles dans toutes les directions \u00e0 partir d&#039;ici. Itin\u00e9raires au format gpx disponibles sur demande. <\/p>\n\n\n\n<p>Cela signifie que de merveilleuses excursions d&#039;une journ\u00e9e sont possibles dans toutes les directions. Bien s\u00fbr les nombreux villages de charme de notre r\u00e9gion, mais aussi la mer M\u00e9diterran\u00e9e, les Alpes Maritimes, le Verdon, le Luberon, la Haute Provence, etc.<\/p>\n\n\n\n<p>Consultez les sites Web ci-dessous pour toutes les activit\u00e9s disponibles ici. <\/p>\n\n\n\n<p><a href=\"https:\/\/www.la-provence-verte.net\/activites\/sport.php?ville=\">https:\/\/www.la-provence-verte.net\/activites\/sport.php?ville=<\/a><\/p>\n\n\n\n<p><a href=\"https:\/\/www.visitvar.fr\/que-faire-var\/activites-nature\">https:\/\/www.visitvar.fr\/que-faire-var\/activites-nature<\/a><\/p>\n\n\n\n<figure class=\"wp-block-embed is-type-video is-provider-youtube wp-block-embed-youtube wp-embed-aspect-16-9 wp-has-aspect-ratio\"><div class=\"wp-block-embed__wrapper\">\n<iframe hcb-fetch-image-from=\"https:\/\/youtu.be\/VjQMLGdvAcw\" title=\"La Provence Verte : entre Verdon, Aix, Marseille et la C\u00f4te d&#039;Azur\" width=\"640\" height=\"360\" src=\"https:\/\/www.youtube.com\/embed\/VjQMLGdvAcw?feature=oembed\" frameborder=\"0\" allow=\"accelerometer; autoplay; clipboard-write; encrypted-media; gyroscope; picture-in-picture; web-share\" referrerpolicy=\"strict-origin-when-cross-origin\" allowfullscreen><\/iframe>\n<\/div><\/figure>\n\n\n\n<p><\/p>","protected":false},"excerpt":{"rendered":"<p>Wandelingen in de overweldigende natuur, zij het te voet, per fiets, per motorfiets, per auto: mogelijk in alle windrichtingen van bij ons. Routes in gpx formaat beschikbaar op aanvraag. Zo zijn in alle windrichtingen prachtige daguitstappen mogelijk. Natuurlijk de vele charmante dorpjes bij ons in de buurt, maar ook de Middelandse Zee, Alpes Maritimes, Verdon, [&hellip;]<\/p>\n","protected":false},"author":3,"featured_media":0,"parent":0,"menu_order":4,"comment_status":"closed","ping_status":"closed","template":"","meta":{"_eb_attr":"","footnotes":""},"class_list":["post-478","page","type-page","status-publish","hentry"],"yoast_head":"<!-- This site is optimized with the Yoast SEO plugin v27.4 - https:\/\/yoast.com\/product\/yoast-seo-wordpress\/ -->\n<title>Activiteiten - L&#039;Eveil en Provence<\/title>\n<meta name=\"robots\" content=\"index, follow, max-snippet:-1, max-image-preview:large, max-video-preview:-1\" \/>\n<link rel=\"canonical\" href=\"https:\/\/leveilenprovence.com\/fr\/omgeving\/\" \/>\n<meta property=\"og:locale\" content=\"fr_FR\" \/>\n<meta property=\"og:type\" content=\"article\" \/>\n<meta property=\"og:title\" content=\"Activiteiten - L&#039;Eveil en Provence\" \/>\n<meta property=\"og:description\" content=\"Wandelingen in de overweldigende natuur, zij het te voet, per fiets, per motorfiets, per auto: mogelijk in alle windrichtingen van bij ons. Routes in gpx formaat beschikbaar op aanvraag. Zo zijn in alle windrichtingen prachtige daguitstappen mogelijk. Natuurlijk de vele charmante dorpjes bij ons in de buurt, maar ook de Middelandse Zee, Alpes Maritimes, Verdon, [&hellip;]\" \/>\n<meta property=\"og:url\" content=\"https:\/\/leveilenprovence.com\/fr\/omgeving\/\" \/>\n<meta property=\"og:site_name\" content=\"L&#039;Eveil en Provence\" \/>\n<meta property=\"article:publisher\" content=\"https:\/\/www.facebook.com\/people\/LEveil-en-Provence\/100088765029872\/\" \/>\n<meta property=\"article:modified_time\" content=\"2026-01-27T14:42:07+00:00\" \/>\n<meta name=\"twitter:card\" content=\"summary_large_image\" \/>\n<meta name=\"twitter:label1\" content=\"Dur\u00e9e de lecture estim\u00e9e\" \/>\n\t<meta name=\"twitter:data1\" content=\"1 minute\" \/>\n<script type=\"application\/ld+json\" class=\"yoast-schema-graph\">{\"@context\":\"https:\\\/\\\/schema.org\",\"@graph\":[{\"@type\":\"WebPage\",\"@id\":\"https:\\\/\\\/leveilenprovence.com\\\/omgeving\\\/\",\"url\":\"https:\\\/\\\/leveilenprovence.com\\\/omgeving\\\/\",\"name\":\"Activiteiten - L&#039;Eveil en Provence\",\"isPartOf\":{\"@id\":\"https:\\\/\\\/leveilenprovence.com\\\/#website\"},\"datePublished\":\"2025-01-29T17:03:54+00:00\",\"dateModified\":\"2026-01-27T14:42:07+00:00\",\"inLanguage\":\"fr-FR\",\"potentialAction\":[{\"@type\":\"ReadAction\",\"target\":[\"https:\\\/\\\/leveilenprovence.com\\\/omgeving\\\/\"]}]},{\"@type\":\"WebSite\",\"@id\":\"https:\\\/\\\/leveilenprovence.com\\\/#website\",\"url\":\"https:\\\/\\\/leveilenprovence.com\\\/\",\"name\":\"https:\\\/\\\/leveilenprovence.com\",\"description\":\"\",\"publisher\":{\"@id\":\"https:\\\/\\\/leveilenprovence.com\\\/#organization\"},\"potentialAction\":[{\"@type\":\"SearchAction\",\"target\":{\"@type\":\"EntryPoint\",\"urlTemplate\":\"https:\\\/\\\/leveilenprovence.com\\\/?s={search_term_string}\"},\"query-input\":{\"@type\":\"PropertyValueSpecification\",\"valueRequired\":true,\"valueName\":\"search_term_string\"}}],\"inLanguage\":\"fr-FR\"},{\"@type\":\"Organization\",\"@id\":\"https:\\\/\\\/leveilenprovence.com\\\/#organization\",\"name\":\"l'Eveil-en-Provence\",\"url\":\"https:\\\/\\\/leveilenprovence.com\\\/\",\"logo\":{\"@type\":\"ImageObject\",\"inLanguage\":\"fr-FR\",\"@id\":\"https:\\\/\\\/leveilenprovence.com\\\/#\\\/schema\\\/logo\\\/image\\\/\",\"url\":\"https:\\\/\\\/leveilenprovence.com\\\/wp-content\\\/uploads\\\/2024\\\/01\\\/cropped-348354611_1390807788156117_6322167039512516205_n_edited-1.jpg\",\"contentUrl\":\"https:\\\/\\\/leveilenprovence.com\\\/wp-content\\\/uploads\\\/2024\\\/01\\\/cropped-348354611_1390807788156117_6322167039512516205_n_edited-1.jpg\",\"width\":240,\"height\":207,\"caption\":\"l'Eveil-en-Provence\"},\"image\":{\"@id\":\"https:\\\/\\\/leveilenprovence.com\\\/#\\\/schema\\\/logo\\\/image\\\/\"},\"sameAs\":[\"https:\\\/\\\/www.facebook.com\\\/people\\\/LEveil-en-Provence\\\/100088765029872\\\/\"]}]}<\/script>\n<!-- \/ Yoast SEO plugin. -->","yoast_head_json":{"title":"Activiteiten - L&#039;Eveil en Provence","robots":{"index":"index","follow":"follow","max-snippet":"max-snippet:-1","max-image-preview":"max-image-preview:large","max-video-preview":"max-video-preview:-1"},"canonical":"https:\/\/leveilenprovence.com\/fr\/omgeving\/","og_locale":"fr_FR","og_type":"article","og_title":"Activiteiten - L&#039;Eveil en Provence","og_description":"Wandelingen in de overweldigende natuur, zij het te voet, per fiets, per motorfiets, per auto: mogelijk in alle windrichtingen van bij ons. Routes in gpx formaat beschikbaar op aanvraag. Zo zijn in alle windrichtingen prachtige daguitstappen mogelijk. Natuurlijk de vele charmante dorpjes bij ons in de buurt, maar ook de Middelandse Zee, Alpes Maritimes, Verdon, [&hellip;]","og_url":"https:\/\/leveilenprovence.com\/fr\/omgeving\/","og_site_name":"L&#039;Eveil en Provence","article_publisher":"https:\/\/www.facebook.com\/people\/LEveil-en-Provence\/100088765029872\/","article_modified_time":"2026-01-27T14:42:07+00:00","twitter_card":"summary_large_image","twitter_misc":{"Dur\u00e9e de lecture estim\u00e9e":"1 minute"},"schema":{"@context":"https:\/\/schema.org","@graph":[{"@type":"WebPage","@id":"https:\/\/leveilenprovence.com\/omgeving\/","url":"https:\/\/leveilenprovence.com\/omgeving\/","name":"Activiteiten - L&#039;Eveil en Provence","isPartOf":{"@id":"https:\/\/leveilenprovence.com\/#website"},"datePublished":"2025-01-29T17:03:54+00:00","dateModified":"2026-01-27T14:42:07+00:00","inLanguage":"fr-FR","potentialAction":[{"@type":"ReadAction","target":["https:\/\/leveilenprovence.com\/omgeving\/"]}]},{"@type":"WebSite","@id":"https:\/\/leveilenprovence.com\/#website","url":"https:\/\/leveilenprovence.com\/","name":"https:\/\/leveilenprovence.com","description":"","publisher":{"@id":"https:\/\/leveilenprovence.com\/#organization"},"potentialAction":[{"@type":"SearchAction","target":{"@type":"EntryPoint","urlTemplate":"https:\/\/leveilenprovence.com\/?s={search_term_string}"},"query-input":{"@type":"PropertyValueSpecification","valueRequired":true,"valueName":"search_term_string"}}],"inLanguage":"fr-FR"},{"@type":"Organization","@id":"https:\/\/leveilenprovence.com\/#organization","name":"l'Eveil-en-Provence","url":"https:\/\/leveilenprovence.com\/","logo":{"@type":"ImageObject","inLanguage":"fr-FR","@id":"https:\/\/leveilenprovence.com\/#\/schema\/logo\/image\/","url":"https:\/\/leveilenprovence.com\/wp-content\/uploads\/2024\/01\/cropped-348354611_1390807788156117_6322167039512516205_n_edited-1.jpg","contentUrl":"https:\/\/leveilenprovence.com\/wp-content\/uploads\/2024\/01\/cropped-348354611_1390807788156117_6322167039512516205_n_edited-1.jpg","width":240,"height":207,"caption":"l'Eveil-en-Provence"},"image":{"@id":"https:\/\/leveilenprovence.com\/#\/schema\/logo\/image\/"},"sameAs":["https:\/\/www.facebook.com\/people\/LEveil-en-Provence\/100088765029872\/"]}]}},"jetpack_likes_enabled":true,"jetpack_sharing_enabled":true,"_links":{"self":[{"href":"https:\/\/leveilenprovence.com\/fr\/wp-json\/wp\/v2\/pages\/478","targetHints":{"allow":["GET"]}}],"collection":[{"href":"https:\/\/leveilenprovence.com\/fr\/wp-json\/wp\/v2\/pages"}],"about":[{"href":"https:\/\/leveilenprovence.com\/fr\/wp-json\/wp\/v2\/types\/page"}],"author":[{"embeddable":true,"href":"https:\/\/leveilenprovence.com\/fr\/wp-json\/wp\/v2\/users\/3"}],"replies":[{"embeddable":true,"href":"https:\/\/leveilenprovence.com\/fr\/wp-json\/wp\/v2\/comments?post=478"}],"version-history":[{"count":22,"href":"https:\/\/leveilenprovence.com\/fr\/wp-json\/wp\/v2\/pages\/478\/revisions"}],"predecessor-version":[{"id":1082,"href":"https:\/\/leveilenprovence.com\/fr\/wp-json\/wp\/v2\/pages\/478\/revisions\/1082"}],"wp:attachment":[{"href":"https:\/\/leveilenprovence.com\/fr\/wp-json\/wp\/v2\/media?parent=478"}],"curies":[{"name":"wp","href":"https:\/\/api.w.org\/{rel}","templated":true}]}}