{"id":480,"date":"2025-01-29T16:55:48","date_gmt":"2025-01-29T16:55:48","guid":{"rendered":"https:\/\/leveilenprovence.com\/?page_id=480"},"modified":"2026-01-21T11:18:52","modified_gmt":"2026-01-21T11:18:52","slug":"contacteer-ons","status":"publish","type":"page","link":"https:\/\/leveilenprovence.com\/fr\/contacteer-ons\/","title":{"rendered":"CONTACTEZ -NOUS"},"content":{"rendered":"<p>Vous souhaitez effectuer une r\u00e9servation ou avez besoin de plus d&#039;informations ? Veuillez utiliser le formulaire ci-dessous. Nous vous contacterons dans les 24 heures. <\/p>\n\n\n\n<p>Si vous pr\u00e9f\u00e9rez nous contacter par t\u00e9l\u00e9phone, vous pouvez le faire sur notre num\u00e9ro 0033 (0) 6 98 24 30 16. <\/p>\n\n\n\n<p><strong>Conditions g\u00e9n\u00e9rales de r\u00e9servation\u00a0: Pour chaque s\u00e9jour, un acompte de 20% est requis. La r\u00e9servation est d\u00e9finitive apr\u00e8s r\u00e9ception de cet acompte. Le solde est d\u00fb 4 semaines avant votre date d\u2019arriv\u00e9e. Si la r\u00e9servation est effectu\u00e9e moins de 4 semaines avant votre date d\u2019arriv\u00e9e, le montant total doit \u00eatre r\u00e9gl\u00e9 au moment de la r\u00e9servation.<\/strong><\/p>\n\n\n\n<p><strong>Conditions d&#039;annulation\u00a0: Nous vous recommandons vivement de souscrire une assurance annulation. Si vous annulez au moins 4 semaines avant votre date d&#039;arriv\u00e9e, vous serez rembours\u00e9 de la moiti\u00e9 de votre acompte. Si vous annulez au moins 2 semaines avant votre date d&#039;arriv\u00e9e, vous serez rembours\u00e9 de la moiti\u00e9 du montant total. Les annulations effectu\u00e9es moins de 2 semaines avant la date d&#039;arriv\u00e9e ne sont pas remboursables. <\/strong><\/p>\n\n\n\n\n\n<div class=\"wp-block-contact-form-7-contact-form-selector\">\n<div class=\"wpcf7 no-js\" id=\"wpcf7-f482-o1\" lang=\"en-US\" dir=\"ltr\" data-wpcf7-id=\"482\">\n<div class=\"screen-reader-response\"><p role=\"status\" aria-live=\"polite\" aria-atomic=\"true\"><\/p> <ul><\/ul><\/div>\n<form action=\"\/fr\/wp-json\/wp\/v2\/pages\/480#wpcf7-f482-o1\" method=\"post\" class=\"wpcf7-form init\" aria-label=\"Contact form\" novalidate=\"novalidate\" data-status=\"init\" data-trp-original-action=\"\/fr\/wp-json\/wp\/v2\/pages\/480#wpcf7-f482-o1\">\n<fieldset class=\"hidden-fields-container\"><input type=\"hidden\" name=\"_wpcf7\" value=\"482\" \/><input type=\"hidden\" name=\"_wpcf7_version\" value=\"6.1.5\" \/><input type=\"hidden\" name=\"_wpcf7_locale\" value=\"en_US\" \/><input type=\"hidden\" name=\"_wpcf7_unit_tag\" value=\"wpcf7-f482-o1\" \/><input type=\"hidden\" name=\"_wpcf7_container_post\" value=\"0\" \/><input type=\"hidden\" name=\"_wpcf7_posted_data_hash\" value=\"\" \/>\n<\/fieldset>\n<p><label> Votre nom<br \/>\n<span class=\"wpcf7-form-control-wrap\" data-name=\"your-name\"><input size=\"40\" maxlength=\"400\" class=\"wpcf7-form-control wpcf7-text wpcf7-validates-as-required\" autocomplete=\"name\" aria-required=\"true\" aria-invalid=\"false\" value=\"\" type=\"text\" name=\"your-name\" \/><\/span> <\/label>\n<\/p>\n<p><label> Votre courriel<br \/>\n<span class=\"wpcf7-form-control-wrap\" data-name=\"your-email\"><input size=\"40\" maxlength=\"400\" class=\"wpcf7-form-control wpcf7-email wpcf7-validates-as-required wpcf7-text wpcf7-validates-as-email\" autocomplete=\"email\" aria-required=\"true\" aria-invalid=\"false\" value=\"\" type=\"email\" name=\"your-email\" \/><\/span> <\/label>\n<\/p>\n<p><label> Sujet<br \/>\n<span class=\"wpcf7-form-control-wrap\" data-name=\"your-subject\"><input size=\"40\" maxlength=\"400\" class=\"wpcf7-form-control wpcf7-text wpcf7-validates-as-required\" aria-required=\"true\" aria-invalid=\"false\" value=\"\" type=\"text\" name=\"your-subject\" \/><\/span> <\/label>\n<\/p>\n<p><label> Votre message (facultatif)<br \/>\n<span class=\"wpcf7-form-control-wrap\" data-name=\"your-message\"><textarea cols=\"40\" rows=\"10\" maxlength=\"2000\" class=\"wpcf7-form-control wpcf7-textarea\" aria-invalid=\"false\" name=\"your-message\"><\/textarea><\/span> <\/label>\n<\/p>\n<p><input class=\"wpcf7-form-control wpcf7-submit has-spinner\" type=\"submit\" value=\"Soumettre\" \/>\n<\/p><p style=\"display: none !important;\" class=\"akismet-fields-container\" data-prefix=\"_wpcf7_ak_\"><label>\u0394<textarea name=\"_wpcf7_ak_hp_textarea\" cols=\"45\" rows=\"8\" maxlength=\"100\"><\/textarea><\/label><input type=\"hidden\" id=\"ak_js_1\" name=\"_wpcf7_ak_js\" value=\"53\"\/><script>document.getElementById( \"ak_js_1\" ).setAttribute( \"value\", ( new Date() ).getTime() );<\/script><\/p><div class=\"wpcf7-response-output\" aria-hidden=\"true\"><\/div>\n<input type=\"hidden\" name=\"trp-form-language\" value=\"fr\"\/><\/form>\n<\/div>\n<\/div>","protected":false},"excerpt":{"rendered":"<p>Wenst u te reserveren of heeft u meer informatie nodig ? Gebruik hiervoor onderstaand formulier. Wij nemen binnen de 24 uur contact met u op. Als u liever telefonisch contact wenst op te nemen, dan kan dit op ons nummer 0033 (0) 6 98 24 30 16. Boekingsvoorwaarden : Voor elk verblijf vragen wij een [&hellip;]<\/p>\n","protected":false},"author":3,"featured_media":0,"parent":0,"menu_order":6,"comment_status":"closed","ping_status":"closed","template":"","meta":{"_eb_attr":"","footnotes":""},"class_list":["post-480","page","type-page","status-publish","hentry"],"yoast_head":"<!-- This site is optimized with the Yoast SEO plugin v27.4 - https:\/\/yoast.com\/product\/yoast-seo-wordpress\/ -->\n<title>CONTACTEER ONS - L&#039;Eveil en Provence<\/title>\n<meta name=\"robots\" content=\"index, follow, max-snippet:-1, max-image-preview:large, max-video-preview:-1\" \/>\n<link rel=\"canonical\" href=\"https:\/\/leveilenprovence.com\/fr\/contacteer-ons\/\" \/>\n<meta property=\"og:locale\" content=\"fr_FR\" \/>\n<meta property=\"og:type\" content=\"article\" \/>\n<meta property=\"og:title\" content=\"CONTACTEER ONS - L&#039;Eveil en Provence\" \/>\n<meta property=\"og:description\" content=\"Wenst u te reserveren of heeft u meer informatie nodig ? Gebruik hiervoor onderstaand formulier. Wij nemen binnen de 24 uur contact met u op. Als u liever telefonisch contact wenst op te nemen, dan kan dit op ons nummer 0033 (0) 6 98 24 30 16. Boekingsvoorwaarden : Voor elk verblijf vragen wij een [&hellip;]\" \/>\n<meta property=\"og:url\" content=\"https:\/\/leveilenprovence.com\/fr\/contacteer-ons\/\" \/>\n<meta property=\"og:site_name\" content=\"L&#039;Eveil en Provence\" \/>\n<meta property=\"article:publisher\" content=\"https:\/\/www.facebook.com\/people\/LEveil-en-Provence\/100088765029872\/\" \/>\n<meta property=\"article:modified_time\" content=\"2026-01-21T11:18:52+00:00\" \/>\n<meta name=\"twitter:card\" content=\"summary_large_image\" \/>\n<meta name=\"twitter:label1\" content=\"Dur\u00e9e de lecture estim\u00e9e\" \/>\n\t<meta name=\"twitter:data1\" content=\"2 minutes\" \/>\n<script type=\"application\/ld+json\" class=\"yoast-schema-graph\">{\"@context\":\"https:\\\/\\\/schema.org\",\"@graph\":[{\"@type\":\"WebPage\",\"@id\":\"https:\\\/\\\/leveilenprovence.com\\\/contacteer-ons\\\/\",\"url\":\"https:\\\/\\\/leveilenprovence.com\\\/contacteer-ons\\\/\",\"name\":\"CONTACTEER ONS - L&#039;Eveil en Provence\",\"isPartOf\":{\"@id\":\"https:\\\/\\\/leveilenprovence.com\\\/#website\"},\"datePublished\":\"2025-01-29T16:55:48+00:00\",\"dateModified\":\"2026-01-21T11:18:52+00:00\",\"inLanguage\":\"fr-FR\",\"potentialAction\":[{\"@type\":\"ReadAction\",\"target\":[\"https:\\\/\\\/leveilenprovence.com\\\/contacteer-ons\\\/\"]}]},{\"@type\":\"WebSite\",\"@id\":\"https:\\\/\\\/leveilenprovence.com\\\/#website\",\"url\":\"https:\\\/\\\/leveilenprovence.com\\\/\",\"name\":\"https:\\\/\\\/leveilenprovence.com\",\"description\":\"\",\"publisher\":{\"@id\":\"https:\\\/\\\/leveilenprovence.com\\\/#organization\"},\"potentialAction\":[{\"@type\":\"SearchAction\",\"target\":{\"@type\":\"EntryPoint\",\"urlTemplate\":\"https:\\\/\\\/leveilenprovence.com\\\/?s={search_term_string}\"},\"query-input\":{\"@type\":\"PropertyValueSpecification\",\"valueRequired\":true,\"valueName\":\"search_term_string\"}}],\"inLanguage\":\"fr-FR\"},{\"@type\":\"Organization\",\"@id\":\"https:\\\/\\\/leveilenprovence.com\\\/#organization\",\"name\":\"l'Eveil-en-Provence\",\"url\":\"https:\\\/\\\/leveilenprovence.com\\\/\",\"logo\":{\"@type\":\"ImageObject\",\"inLanguage\":\"fr-FR\",\"@id\":\"https:\\\/\\\/leveilenprovence.com\\\/#\\\/schema\\\/logo\\\/image\\\/\",\"url\":\"https:\\\/\\\/leveilenprovence.com\\\/wp-content\\\/uploads\\\/2024\\\/01\\\/cropped-348354611_1390807788156117_6322167039512516205_n_edited-1.jpg\",\"contentUrl\":\"https:\\\/\\\/leveilenprovence.com\\\/wp-content\\\/uploads\\\/2024\\\/01\\\/cropped-348354611_1390807788156117_6322167039512516205_n_edited-1.jpg\",\"width\":240,\"height\":207,\"caption\":\"l'Eveil-en-Provence\"},\"image\":{\"@id\":\"https:\\\/\\\/leveilenprovence.com\\\/#\\\/schema\\\/logo\\\/image\\\/\"},\"sameAs\":[\"https:\\\/\\\/www.facebook.com\\\/people\\\/LEveil-en-Provence\\\/100088765029872\\\/\"]}]}<\/script>\n<!-- \/ Yoast SEO plugin. -->","yoast_head_json":{"title":"CONTACTEER ONS - L&#039;Eveil en Provence","robots":{"index":"index","follow":"follow","max-snippet":"max-snippet:-1","max-image-preview":"max-image-preview:large","max-video-preview":"max-video-preview:-1"},"canonical":"https:\/\/leveilenprovence.com\/fr\/contacteer-ons\/","og_locale":"fr_FR","og_type":"article","og_title":"CONTACTEER ONS - L&#039;Eveil en Provence","og_description":"Wenst u te reserveren of heeft u meer informatie nodig ? Gebruik hiervoor onderstaand formulier. Wij nemen binnen de 24 uur contact met u op. Als u liever telefonisch contact wenst op te nemen, dan kan dit op ons nummer 0033 (0) 6 98 24 30 16. Boekingsvoorwaarden : Voor elk verblijf vragen wij een [&hellip;]","og_url":"https:\/\/leveilenprovence.com\/fr\/contacteer-ons\/","og_site_name":"L&#039;Eveil en Provence","article_publisher":"https:\/\/www.facebook.com\/people\/LEveil-en-Provence\/100088765029872\/","article_modified_time":"2026-01-21T11:18:52+00:00","twitter_card":"summary_large_image","twitter_misc":{"Dur\u00e9e de lecture estim\u00e9e":"2 minutes"},"schema":{"@context":"https:\/\/schema.org","@graph":[{"@type":"WebPage","@id":"https:\/\/leveilenprovence.com\/contacteer-ons\/","url":"https:\/\/leveilenprovence.com\/contacteer-ons\/","name":"CONTACTEER ONS - L&#039;Eveil en Provence","isPartOf":{"@id":"https:\/\/leveilenprovence.com\/#website"},"datePublished":"2025-01-29T16:55:48+00:00","dateModified":"2026-01-21T11:18:52+00:00","inLanguage":"fr-FR","potentialAction":[{"@type":"ReadAction","target":["https:\/\/leveilenprovence.com\/contacteer-ons\/"]}]},{"@type":"WebSite","@id":"https:\/\/leveilenprovence.com\/#website","url":"https:\/\/leveilenprovence.com\/","name":"https:\/\/leveilenprovence.com","description":"","publisher":{"@id":"https:\/\/leveilenprovence.com\/#organization"},"potentialAction":[{"@type":"SearchAction","target":{"@type":"EntryPoint","urlTemplate":"https:\/\/leveilenprovence.com\/?s={search_term_string}"},"query-input":{"@type":"PropertyValueSpecification","valueRequired":true,"valueName":"search_term_string"}}],"inLanguage":"fr-FR"},{"@type":"Organization","@id":"https:\/\/leveilenprovence.com\/#organization","name":"l'Eveil-en-Provence","url":"https:\/\/leveilenprovence.com\/","logo":{"@type":"ImageObject","inLanguage":"fr-FR","@id":"https:\/\/leveilenprovence.com\/#\/schema\/logo\/image\/","url":"https:\/\/leveilenprovence.com\/wp-content\/uploads\/2024\/01\/cropped-348354611_1390807788156117_6322167039512516205_n_edited-1.jpg","contentUrl":"https:\/\/leveilenprovence.com\/wp-content\/uploads\/2024\/01\/cropped-348354611_1390807788156117_6322167039512516205_n_edited-1.jpg","width":240,"height":207,"caption":"l'Eveil-en-Provence"},"image":{"@id":"https:\/\/leveilenprovence.com\/#\/schema\/logo\/image\/"},"sameAs":["https:\/\/www.facebook.com\/people\/LEveil-en-Provence\/100088765029872\/"]}]}},"jetpack_likes_enabled":true,"jetpack_sharing_enabled":true,"_links":{"self":[{"href":"https:\/\/leveilenprovence.com\/fr\/wp-json\/wp\/v2\/pages\/480","targetHints":{"allow":["GET"]}}],"collection":[{"href":"https:\/\/leveilenprovence.com\/fr\/wp-json\/wp\/v2\/pages"}],"about":[{"href":"https:\/\/leveilenprovence.com\/fr\/wp-json\/wp\/v2\/types\/page"}],"author":[{"embeddable":true,"href":"https:\/\/leveilenprovence.com\/fr\/wp-json\/wp\/v2\/users\/3"}],"replies":[{"embeddable":true,"href":"https:\/\/leveilenprovence.com\/fr\/wp-json\/wp\/v2\/comments?post=480"}],"version-history":[{"count":26,"href":"https:\/\/leveilenprovence.com\/fr\/wp-json\/wp\/v2\/pages\/480\/revisions"}],"predecessor-version":[{"id":1072,"href":"https:\/\/leveilenprovence.com\/fr\/wp-json\/wp\/v2\/pages\/480\/revisions\/1072"}],"wp:attachment":[{"href":"https:\/\/leveilenprovence.com\/fr\/wp-json\/wp\/v2\/media?parent=480"}],"curies":[{"name":"wp","href":"https:\/\/api.w.org\/{rel}","templated":true}]}}