{"id":67,"date":"2023-12-27T14:58:39","date_gmt":"2023-12-27T14:58:39","guid":{"rendered":"https:\/\/leveilenprovence.com\/?page_id=67"},"modified":"2025-02-01T18:33:25","modified_gmt":"2025-02-01T18:33:25","slug":"gastenboek","status":"publish","type":"page","link":"https:\/\/leveilenprovence.com\/fr\/gastenboek\/","title":{"rendered":"Livre d'Or"},"content":{"rendered":"<div data-elementor-type=\"wp-page\" data-elementor-id=\"67\" class=\"elementor elementor-67\">\n\t\t\t\t<div class=\"elementor-element elementor-element-16c25f15 e-flex e-con-boxed e-con e-parent\" data-id=\"16c25f15\" data-element_type=\"container\" data-e-type=\"container\" data-settings=\"{&quot;background_background&quot;:&quot;classic&quot;}\">\n\t\t\t\t\t<div class=\"e-con-inner\">\n\t\t\t\t<div class=\"elementor-element elementor-element-6f51d30b elementor-widget elementor-widget-text-editor\" data-id=\"6f51d30b\" data-element_type=\"widget\" data-e-type=\"widget\" data-widget_type=\"text-editor.default\">\n\t\t\t\t<div class=\"elementor-widget-container\">\n\t\t\t\t\t\t\t\t\t<div class=\"gwolle-gb\">\n<div class=\"gwolle-gb-messages-top-container\"><\/div>\n<div class=\"gwolle-gb-write-button\">\n\t\t\t\t<input type=\"button\" name=\"gwolle-gb-write-button\" class=\"button btn btn-default\" value=\"\u00c9crire un nouveau message\" aria-expanded=\"false\" \/>\n\t\t\t<\/div>\n<form action=\"#\" method=\"POST\" class=\"gwolle-gb-write gwolle-gb-hide gwolle-gb-float gwolle-gb-form-ajax gwolle-gb-ajax gwolle-gb-not-logged-in\" data-trp-original-action=\"#\">\n<h3>\u00c9crire une nouvelle entr\u00e9e pour le livre d&#039;or<\/h3>\n<p>\t\t\t\t<button type=\"button\" class=\"gb-notice-dismiss\">X<span class=\"screen-reader-text\">Masquer ce formulaire.<\/span><\/button><\/p>\n<p>\t\t\t\t<input type=\"hidden\" name=\"gwolle_gb_function\" class=\"gwolle_gb_function\" value=\"add_entry\" \/><input type=\"hidden\" name=\"gwolle_gb_book_id\" class=\"gwolle_gb_book_id\" value=\"1\" \/><\/p>\n<div class=\"gwolle_gb_d2d18f16416447bd16ed9db26ea436d0\">\n<div class=\"label\"><label for=\"gwolle_gb_d2d18f16416447bd16ed9db26ea436d0-1\" class=\"text-info\">Nom <span class=\"required\">*<\/span><\/label><\/div>\n<div class=\"input\"><input class=\"wp-exclude-emoji gwolle_gb_d2d18f16416447bd16ed9db26ea436d0\" value=\"\" type=\"text\" id=\"gwolle_gb_d2d18f16416447bd16ed9db26ea436d0-1\" name=\"gwolle_gb_d2d18f16416447bd16ed9db26ea436d0\" required \/><\/div>\n<div class=\"clearBoth\">&nbsp;<\/div>\n<\/p><\/div>\n<div class=\"gwolle_gb_eb9189d03975e999e271b7f44ae0ea7d\">\n<div class=\"label\"><label for=\"gwolle_gb_eb9189d03975e999e271b7f44ae0ea7d-1\" class=\"text-info\">Ville<\/label><\/div>\n<div class=\"input\"><input class=\"wp-exclude-emoji gwolle_gb_eb9189d03975e999e271b7f44ae0ea7d\" value=\"\" type=\"text\" id=\"gwolle_gb_eb9189d03975e999e271b7f44ae0ea7d-1\" name=\"gwolle_gb_eb9189d03975e999e271b7f44ae0ea7d\" \/><\/div>\n<div class=\"clearBoth\">&nbsp;<\/div>\n<\/p><\/div>\n<div class=\"gwolle_gb_b33e661a9ce22e2a1f910edd0de3e6f1\">\n<div class=\"label\"><label for=\"gwolle_gb_b33e661a9ce22e2a1f910edd0de3e6f1-1\" class=\"text-info\">E-mail <span class=\"required\">*<\/span><\/label><\/div>\n<div class=\"input\"><input class=\"gwolle_gb_b33e661a9ce22e2a1f910edd0de3e6f1\" value=\"\" type=\"email\" id=\"gwolle_gb_b33e661a9ce22e2a1f910edd0de3e6f1-1\" name=\"gwolle_gb_b33e661a9ce22e2a1f910edd0de3e6f1\" required \/><\/div>\n<div class=\"clearBoth\">&nbsp;<\/div>\n<\/p><\/div>\n<div class=\"gwolle_gb_fe9b8c6ca919f8671501794158da87f7\">\n<div class=\"label\"><label for=\"gwolle_gb_fe9b8c6ca919f8671501794158da87f7-1\" class=\"text-info\">Site web<\/label><\/div>\n<div class=\"input\"><input class=\"gwolle_gb_fe9b8c6ca919f8671501794158da87f7\" value=\"\" type=\"url\" id=\"gwolle_gb_fe9b8c6ca919f8671501794158da87f7-1\" name=\"gwolle_gb_fe9b8c6ca919f8671501794158da87f7\" \/><\/div>\n<div class=\"clearBoth\">&nbsp;<\/div>\n<\/p><\/div>\n<div class=\"gwolle_gb_fc9c03b0b2380dd664e814763cf2e748\" style=\"display:none;overflow:hidden;\" hidden=\"true\" aria-hidden=\"true\">\n<div class=\"label\">\n\t\t\t\t\t<label for=\"gwolle_gb_fc9c03b0b2380dd664e814763cf2e748-1\" class=\"text-primary\">Ne touchez pas \u00e0 ceci<\/label><br \/>\n\t\t\t\t\t<label for=\"gwolle_gb_c7e677fe622e21530a87d16e45779338-1\" class=\"text-primary\">Ne touchez pas \u00e0 ceci<\/label>\n\t\t\t\t<\/div>\n<div class=\"input\">\n\t\t\t\t\t<input value=\"71\" type=\"text\" id=\"gwolle_gb_fc9c03b0b2380dd664e814763cf2e748-1\" name=\"gwolle_gb_fc9c03b0b2380dd664e814763cf2e748\" class=\"gwolle_gb_fc9c03b0b2380dd664e814763cf2e748\" style=\"transform: translateY(10000px);\" \/><br \/>\n\t\t\t\t\t<input value=\"\" type=\"text\" name=\"gwolle_gb_c7e677fe622e21530a87d16e45779338\" id=\"gwolle_gb_c7e677fe622e21530a87d16e45779338-1\" class=\"gwolle_gb_c7e677fe622e21530a87d16e45779338\" style=\"transform: translateY(10000px);\" \/>\n\t\t\t\t<\/div>\n<div class=\"clearBoth\"><\/div>\n<\/p><\/div>\n<div class=\"gwolle_gb_9a6d6dbc683c47ef51bb1147a4ce277a\" style=\"display:none;overflow:hidden;\" hidden=\"true\" aria-hidden=\"true\">\n<div class=\"label\">\n\t\t\t\t\t<label for=\"gwolle_gb_9a6d6dbc683c47ef51bb1147a4ce277a-1\" class=\"text-primary\">Ne touchez pas \u00e0 ceci<\/label><br \/>\n\t\t\t\t\t<label for=\"gwolle_gb_c28f0221c4aabe889008289b1cfa6a26-1\" class=\"text-primary\">Ne touchez pas \u00e0 ceci<\/label>\n\t\t\t\t<\/div>\n<div class=\"input\">\n\t\t\t\t\t<input value=\"53816\" type=\"text\" id=\"gwolle_gb_9a6d6dbc683c47ef51bb1147a4ce277a-1\" name=\"gwolle_gb_9a6d6dbc683c47ef51bb1147a4ce277a\" class=\"gwolle_gb_9a6d6dbc683c47ef51bb1147a4ce277a\" style=\"transform: translateY(10000px);\" \/><br \/>\n\t\t\t\t\t<input value=\"53816\" type=\"text\"id=\"gwolle_gb_c28f0221c4aabe889008289b1cfa6a26-1\" name=\"gwolle_gb_c28f0221c4aabe889008289b1cfa6a26\" class=\"gwolle_gb_c28f0221c4aabe889008289b1cfa6a26\" style=\"transform: translateY(10000px);\" \/>\n\t\t\t\t<\/div>\n<div class=\"clearBoth\"><\/div>\n<\/p><\/div>\n<div class=\"gwolle_gb_content\">\n<div class=\"label\"><label for=\"gwolle_gb_content-1\" class=\"text-info\">Message du livre d\u2019or <span class=\"required\">*<\/span><\/label><\/div>\n<div class=\"input\"><textarea id=\"gwolle_gb_content-1\" name=\"gwolle_gb_content\" class=\"gwolle_gb_content wp-exclude-emoji\" required><\/textarea><\/div>\n<div class=\"clearBoth\">&nbsp;<\/div>\n<\/p><\/div>\n<p><input type=\"hidden\" class=\"gwolle_gb_94a6a5c3f1d2bc24d21813491708b0ce\" id=\"gwolle_gb_94a6a5c3f1d2bc24d21813491708b0ce-1\" name=\"gwolle_gb_94a6a5c3f1d2bc24d21813491708b0ce\" value=\"3e186f64d3\" \/><\/p>\n<div class=\"gwolle-gb-messages-bottom-container\"><\/div>\n<p>\t\t\t<noscript><\/p>\n<div class=\"no-js\">Avertissement\u00a0: Ce formulaire ne peut \u00eatre utilis\u00e9 que si JavaScript est activ\u00e9 dans votre navigateur.<\/div>\n<p><\/noscript><\/p>\n<div class=\"gwolle_gb_submit gwolle-gb-submit\">\n<div class=\"label gwolle-gb-invisible text-muted\">&nbsp;<\/div>\n<div class=\"input\">\n\t\t\t\t\t<input type=\"submit\" name=\"gwolle_gb_submit\" class=\"gwolle_gb_submit button btn btn-primary\" value=\"Envoyer\" \/><br \/>\n\t\t\t\t\t<span class=\"gwolle_gb_submit_ajax_icon gwolle-gb-submit-ajax-icon\"><\/span><\/p><\/div>\n<div class=\"clearBoth\">&nbsp;<\/div>\n<\/p><\/div>\n<div class=\"gwolle_gb_notice gwolle-gb-notice\">\n\t\t\t\tLes champs marqu\u00e9s d&#039;un * sont obligatoires.<br \/>\nVotre adresse e-mail ne sera pas publi\u00e9e.<br \/>\nIl est possible que votre entr\u00e9e ne soit visible dans le livre d&#039;or qu&#039;apr\u00e8s examen par nos soins.<br \/>\nNous nous r\u00e9servons le droit de modifier, de supprimer ou de ne pas publier les entr\u00e9es.\n\t\t\t<\/div>\n<input type=\"hidden\" name=\"trp-form-language\" value=\"fr\"\/><\/form>\n<div class=\"gwolle-gb-read gwolle-gb-ajax gwolle-gb-entries-list\" data-book_id=\"1\" data-page_id=\"1\">\n<div id=\"gwolle-gb-total\" class=\"gwolle-gb-total\">3 messages.<\/div>\n<p><!-- Gwolle-GB Entry: Default Template Loaded --><\/p>\n<div class=\"gb-entry gb-entry_25 gb-entry-count_1 gwolle-gb-uneven gwolle-gb-first\" id=\"gb-entry_25\" data-entry_id=\"25\">\n<article>\n<div class=\"gb-author-info\">\n\t\t\t\t\t\t<span class=\"gb-author-avatar\"><img referrerpolicy=\"no-referrer\" alt='Sara en Philip' src='https:\/\/secure.gravatar.com\/avatar\/5f2a2b717d8f878d1545fd5242a13c48ac49355b1b271890f3b540b2a4b8c842?s=32&#038;d=mm&#038;r=g' srcset='https:\/\/secure.gravatar.com\/avatar\/5f2a2b717d8f878d1545fd5242a13c48ac49355b1b271890f3b540b2a4b8c842?s=64&#038;d=mm&#038;r=g 2x' class='avatar avatar-32 photo' height='32' width='32' \/><\/span><br \/>\n\t\t\t\t\t\t<span class=\"gb-author-name\">Sara et Philip<br \/>\n\t\t\t\t\t\t<\/span><br \/>\n\t\t\t\t\t\t<span class=\"gb-author-origin\"><br \/>\n\t\t\t\t\t\t\t<span class=\"gb-author-origin-from-text\"> de<\/span><br \/>\n\t\t\t\t\t\t\t<span class=\"gb-author-origin-text\"> Waarschoot<\/span><br \/>\n\t\t\t\t\t\t<\/span><br \/>\n\t\t\t\t\t\t<span class=\"gb-datetime\"><br \/>\n\t\t\t\t\t\t\t<span class=\"gb-date\"><span class=\"gb-date-wrote-text\"> a \u00e9crit le<\/span><span class=\"gb-date-text\"> 19 septembre 2025<\/span><br \/>\n\t\t\t\t\t\t\t<\/span><span class=\"gb-time\"><br \/>\n\t\t\t\t\t\t\t\t\t<span class=\"gb-time-at-text\"> \u00e0<\/span><br \/>\n\t\t\t\t\t\t\t\t\t<span class=\"gb-time-text\"> 15h56<\/span><br \/>\n\t\t\t\t\t\t\t\t<\/span><br \/>\n\t\t\t\t\t\t<\/span>\n\t\t\t\t\t<\/div>\n<div class=\"gb-entry-content\">Conny et Tony,<br \/>\nMerci pour ces superbes vacances dans un cadre magnifique. Les chambres, le petit-d\u00e9jeuner, la piscine\u2026 tout \u00e9tait impeccable !\n\t\t\t\t\t<\/div>\n<\/article><\/div>\n<div class=\"gb-entry gb-entry_19 gb-entry-count_2 gwolle-gb-even\" id=\"gb-entry_19\" data-entry_id=\"19\">\n<article>\n<div class=\"gb-author-info\">\n\t\t\t\t\t\t<span class=\"gb-author-avatar\"><img referrerpolicy=\"no-referrer\" alt='Burnand' src='https:\/\/secure.gravatar.com\/avatar\/43c705519ae4e72e9ad37b3222833214adaed84ab43b05a49ad1f64f02d19f3c?s=32&#038;d=mm&#038;r=g' srcset='https:\/\/secure.gravatar.com\/avatar\/43c705519ae4e72e9ad37b3222833214adaed84ab43b05a49ad1f64f02d19f3c?s=64&#038;d=mm&#038;r=g 2x' class='avatar avatar-32 photo' height='32' width='32' \/><\/span><br \/>\n\t\t\t\t\t\t<span class=\"gb-author-name\">Burnand<br \/>\n\t\t\t\t\t\t<\/span><br \/>\n\t\t\t\t\t\t<span class=\"gb-author-origin\"><br \/>\n\t\t\t\t\t\t\t<span class=\"gb-author-origin-from-text\"> de<\/span><br \/>\n\t\t\t\t\t\t\t<span class=\"gb-author-origin-text\"> Saint Cyr-sur-Mer<\/span><br \/>\n\t\t\t\t\t\t<\/span><br \/>\n\t\t\t\t\t\t<span class=\"gb-datetime\"><br \/>\n\t\t\t\t\t\t\t<span class=\"gb-date\"><span class=\"gb-date-wrote-text\"> a \u00e9crit le<\/span><span class=\"gb-date-text\"> 3 mai 2025<\/span><br \/>\n\t\t\t\t\t\t\t<\/span><span class=\"gb-time\"><br \/>\n\t\t\t\t\t\t\t\t\t<span class=\"gb-time-at-text\"> \u00e0<\/span><br \/>\n\t\t\t\t\t\t\t\t\t<span class=\"gb-time-text\"> 7h47<\/span><br \/>\n\t\t\t\t\t\t\t\t<\/span><br \/>\n\t\t\t\t\t\t<\/span>\n\t\t\t\t\t<\/div>\n<div class=\"gb-entry-content\">Magnifique s\u00e9jour de 2 nuits, chambre confortable avec baignoire et salle de bain privative, adorables petits enfants et accueil chaleureux de Tony et Cony. \u00c0 recommander. Gilbert et Maryse\n\t\t\t\t\t<\/div>\n<\/article><\/div>\n<div class=\"gb-entry gb-entry_1 gb-entry-count_3 gwolle-gb-uneven\" id=\"gb-entry_1\" data-entry_id=\"1\">\n<article>\n<div class=\"gb-author-info\">\n\t\t\t\t\t\t<span class=\"gb-author-avatar\"><img referrerpolicy=\"no-referrer\" alt='Lieven' src='https:\/\/secure.gravatar.com\/avatar\/7555cf2b0ef7c44e53f82d8e5f6159a982a1739805d79aa464fb8708a941e14d?s=32&#038;d=mm&#038;r=g' srcset='https:\/\/secure.gravatar.com\/avatar\/7555cf2b0ef7c44e53f82d8e5f6159a982a1739805d79aa464fb8708a941e14d?s=64&#038;d=mm&#038;r=g 2x' class='avatar avatar-32 photo' height='32' width='32' \/><\/span><br \/>\n\t\t\t\t\t\t<span class=\"gb-author-name\"><i class=\"gb-moderator\">Lieven<\/i><br \/>\n\t\t\t\t\t\t<\/span><br \/>\n\t\t\t\t\t\t<span class=\"gb-author-origin\"><br \/>\n\t\t\t\t\t\t\t<span class=\"gb-author-origin-from-text\"> de<\/span><br \/>\n\t\t\t\t\t\t\t<span class=\"gb-author-origin-text\"> Gand<\/span><br \/>\n\t\t\t\t\t\t<\/span><br \/>\n\t\t\t\t\t\t<span class=\"gb-datetime\"><br \/>\n\t\t\t\t\t\t\t<span class=\"gb-date\"><span class=\"gb-date-wrote-text\"> a \u00e9crit le<\/span><span class=\"gb-date-text\"> 27 d\u00e9cembre 2023<\/span><br \/>\n\t\t\t\t\t\t\t<\/span><span class=\"gb-time\"><br \/>\n\t\t\t\t\t\t\t\t\t<span class=\"gb-time-at-text\"> \u00e0<\/span><br \/>\n\t\t\t\t\t\t\t\t\t<span class=\"gb-time-text\"> 14h59<\/span><br \/>\n\t\t\t\t\t\t\t\t<\/span><br \/>\n\t\t\t\t\t\t<\/span>\n\t\t\t\t\t<\/div>\n<div class=\"gb-entry-content\">Nous avons pass\u00e9 un agr\u00e9able s\u00e9jour pendant les vacances d&#039;automne ! Merci!\n\t\t\t\t\t<\/div>\n<div class=\"gb-entry-admin_reply\">\n<div class=\"gb-admin-reply-uid\">\n\t\t\t\t\t\t\t<em>R\u00e9ponse d\u2019administrateur par\u00a0: Lieven<\/em>\n\t\t\t\t\t\t<\/div>\n<div class=\"gb-admin-reply-content\">\n\t\t\t\t\t\tN&#039;en parle pas !\n\t\t\t\t\t\t<\/div>\n<\/p><\/div>\n<\/article><\/div>\n<\/p><\/div>\n<\/div>\n<p>\u00a0<\/p>\n\n<div class=\"wp-block-columns is-layout-flex wp-container-core-columns-is-layout-9d6595d7 wp-block-columns-is-layout-flex\">\n<p class=\"is-layout-flow wp-block-column-is-layout-flow\">\u00a0<\/p>\n<\/div>\n\t\t\t\t\t\t\t\t<\/div>\n\t\t\t\t<\/div>\n\t\t\t\t\t<\/div>\n\t\t\t\t<\/div>\n\t\t\t\t<\/div>","protected":false},"excerpt":{"rendered":"<p>\u00a0<\/p>","protected":false},"author":2,"featured_media":0,"parent":0,"menu_order":7,"comment_status":"closed","ping_status":"closed","template":"","meta":{"_eb_attr":"","footnotes":""},"class_list":["post-67","page","type-page","status-publish","hentry"],"yoast_head":"<!-- This site is optimized with the Yoast SEO plugin v27.4 - https:\/\/yoast.com\/product\/yoast-seo-wordpress\/ -->\n<title>Gastenboek - L&#039;Eveil en Provence<\/title>\n<meta name=\"robots\" content=\"index, follow, max-snippet:-1, max-image-preview:large, max-video-preview:-1\" \/>\n<link rel=\"canonical\" href=\"https:\/\/leveilenprovence.com\/fr\/gastenboek\/\" \/>\n<meta property=\"og:locale\" content=\"fr_FR\" \/>\n<meta property=\"og:type\" content=\"article\" \/>\n<meta property=\"og:title\" content=\"Gastenboek - L&#039;Eveil en Provence\" \/>\n<meta property=\"og:description\" content=\"\u00a0\" \/>\n<meta property=\"og:url\" content=\"https:\/\/leveilenprovence.com\/fr\/gastenboek\/\" \/>\n<meta property=\"og:site_name\" content=\"L&#039;Eveil en Provence\" \/>\n<meta property=\"article:publisher\" content=\"https:\/\/www.facebook.com\/people\/LEveil-en-Provence\/100088765029872\/\" \/>\n<meta property=\"article:modified_time\" content=\"2025-02-01T18:33:25+00:00\" \/>\n<meta name=\"twitter:card\" content=\"summary_large_image\" \/>\n<meta name=\"twitter:label1\" content=\"Dur\u00e9e de lecture estim\u00e9e\" \/>\n\t<meta name=\"twitter:data1\" content=\"1 minute\" \/>\n<script type=\"application\/ld+json\" class=\"yoast-schema-graph\">{\"@context\":\"https:\\\/\\\/schema.org\",\"@graph\":[{\"@type\":\"WebPage\",\"@id\":\"https:\\\/\\\/leveilenprovence.com\\\/gastenboek\\\/\",\"url\":\"https:\\\/\\\/leveilenprovence.com\\\/gastenboek\\\/\",\"name\":\"Gastenboek - L&#039;Eveil en Provence\",\"isPartOf\":{\"@id\":\"https:\\\/\\\/leveilenprovence.com\\\/#website\"},\"datePublished\":\"2023-12-27T14:58:39+00:00\",\"dateModified\":\"2025-02-01T18:33:25+00:00\",\"inLanguage\":\"fr-FR\",\"potentialAction\":[{\"@type\":\"ReadAction\",\"target\":[\"https:\\\/\\\/leveilenprovence.com\\\/gastenboek\\\/\"]}]},{\"@type\":\"WebSite\",\"@id\":\"https:\\\/\\\/leveilenprovence.com\\\/#website\",\"url\":\"https:\\\/\\\/leveilenprovence.com\\\/\",\"name\":\"https:\\\/\\\/leveilenprovence.com\",\"description\":\"\",\"publisher\":{\"@id\":\"https:\\\/\\\/leveilenprovence.com\\\/#organization\"},\"potentialAction\":[{\"@type\":\"SearchAction\",\"target\":{\"@type\":\"EntryPoint\",\"urlTemplate\":\"https:\\\/\\\/leveilenprovence.com\\\/?s={search_term_string}\"},\"query-input\":{\"@type\":\"PropertyValueSpecification\",\"valueRequired\":true,\"valueName\":\"search_term_string\"}}],\"inLanguage\":\"fr-FR\"},{\"@type\":\"Organization\",\"@id\":\"https:\\\/\\\/leveilenprovence.com\\\/#organization\",\"name\":\"l'Eveil-en-Provence\",\"url\":\"https:\\\/\\\/leveilenprovence.com\\\/\",\"logo\":{\"@type\":\"ImageObject\",\"inLanguage\":\"fr-FR\",\"@id\":\"https:\\\/\\\/leveilenprovence.com\\\/#\\\/schema\\\/logo\\\/image\\\/\",\"url\":\"https:\\\/\\\/leveilenprovence.com\\\/wp-content\\\/uploads\\\/2024\\\/01\\\/cropped-348354611_1390807788156117_6322167039512516205_n_edited-1.jpg\",\"contentUrl\":\"https:\\\/\\\/leveilenprovence.com\\\/wp-content\\\/uploads\\\/2024\\\/01\\\/cropped-348354611_1390807788156117_6322167039512516205_n_edited-1.jpg\",\"width\":240,\"height\":207,\"caption\":\"l'Eveil-en-Provence\"},\"image\":{\"@id\":\"https:\\\/\\\/leveilenprovence.com\\\/#\\\/schema\\\/logo\\\/image\\\/\"},\"sameAs\":[\"https:\\\/\\\/www.facebook.com\\\/people\\\/LEveil-en-Provence\\\/100088765029872\\\/\"]}]}<\/script>\n<!-- \/ Yoast SEO plugin. -->","yoast_head_json":{"title":"Gastenboek - L&#039;Eveil en Provence","robots":{"index":"index","follow":"follow","max-snippet":"max-snippet:-1","max-image-preview":"max-image-preview:large","max-video-preview":"max-video-preview:-1"},"canonical":"https:\/\/leveilenprovence.com\/fr\/gastenboek\/","og_locale":"fr_FR","og_type":"article","og_title":"Gastenboek - L&#039;Eveil en Provence","og_description":"\u00a0","og_url":"https:\/\/leveilenprovence.com\/fr\/gastenboek\/","og_site_name":"L&#039;Eveil en Provence","article_publisher":"https:\/\/www.facebook.com\/people\/LEveil-en-Provence\/100088765029872\/","article_modified_time":"2025-02-01T18:33:25+00:00","twitter_card":"summary_large_image","twitter_misc":{"Dur\u00e9e de lecture estim\u00e9e":"1 minute"},"schema":{"@context":"https:\/\/schema.org","@graph":[{"@type":"WebPage","@id":"https:\/\/leveilenprovence.com\/gastenboek\/","url":"https:\/\/leveilenprovence.com\/gastenboek\/","name":"Gastenboek - L&#039;Eveil en Provence","isPartOf":{"@id":"https:\/\/leveilenprovence.com\/#website"},"datePublished":"2023-12-27T14:58:39+00:00","dateModified":"2025-02-01T18:33:25+00:00","inLanguage":"fr-FR","potentialAction":[{"@type":"ReadAction","target":["https:\/\/leveilenprovence.com\/gastenboek\/"]}]},{"@type":"WebSite","@id":"https:\/\/leveilenprovence.com\/#website","url":"https:\/\/leveilenprovence.com\/","name":"https:\/\/leveilenprovence.com","description":"","publisher":{"@id":"https:\/\/leveilenprovence.com\/#organization"},"potentialAction":[{"@type":"SearchAction","target":{"@type":"EntryPoint","urlTemplate":"https:\/\/leveilenprovence.com\/?s={search_term_string}"},"query-input":{"@type":"PropertyValueSpecification","valueRequired":true,"valueName":"search_term_string"}}],"inLanguage":"fr-FR"},{"@type":"Organization","@id":"https:\/\/leveilenprovence.com\/#organization","name":"l'Eveil-en-Provence","url":"https:\/\/leveilenprovence.com\/","logo":{"@type":"ImageObject","inLanguage":"fr-FR","@id":"https:\/\/leveilenprovence.com\/#\/schema\/logo\/image\/","url":"https:\/\/leveilenprovence.com\/wp-content\/uploads\/2024\/01\/cropped-348354611_1390807788156117_6322167039512516205_n_edited-1.jpg","contentUrl":"https:\/\/leveilenprovence.com\/wp-content\/uploads\/2024\/01\/cropped-348354611_1390807788156117_6322167039512516205_n_edited-1.jpg","width":240,"height":207,"caption":"l'Eveil-en-Provence"},"image":{"@id":"https:\/\/leveilenprovence.com\/#\/schema\/logo\/image\/"},"sameAs":["https:\/\/www.facebook.com\/people\/LEveil-en-Provence\/100088765029872\/"]}]}},"jetpack_likes_enabled":true,"jetpack_sharing_enabled":true,"_links":{"self":[{"href":"https:\/\/leveilenprovence.com\/fr\/wp-json\/wp\/v2\/pages\/67","targetHints":{"allow":["GET"]}}],"collection":[{"href":"https:\/\/leveilenprovence.com\/fr\/wp-json\/wp\/v2\/pages"}],"about":[{"href":"https:\/\/leveilenprovence.com\/fr\/wp-json\/wp\/v2\/types\/page"}],"author":[{"embeddable":true,"href":"https:\/\/leveilenprovence.com\/fr\/wp-json\/wp\/v2\/users\/2"}],"replies":[{"embeddable":true,"href":"https:\/\/leveilenprovence.com\/fr\/wp-json\/wp\/v2\/comments?post=67"}],"version-history":[{"count":10,"href":"https:\/\/leveilenprovence.com\/fr\/wp-json\/wp\/v2\/pages\/67\/revisions"}],"predecessor-version":[{"id":793,"href":"https:\/\/leveilenprovence.com\/fr\/wp-json\/wp\/v2\/pages\/67\/revisions\/793"}],"wp:attachment":[{"href":"https:\/\/leveilenprovence.com\/fr\/wp-json\/wp\/v2\/media?parent=67"}],"curies":[{"name":"wp","href":"https:\/\/api.w.org\/{rel}","templated":true}]}}